{"id":461139,"date":"2026-04-10T08:06:45","date_gmt":"2026-04-10T05:06:45","guid":{"rendered":"https:\/\/ventspils.citro.lv\/veikals\/nektars-elmenhorster-dzervenu-30-1l\/"},"modified":"2026-04-10T08:06:55","modified_gmt":"2026-04-10T05:06:55","slug":"nektars-elmenhorster-dzervenu-30-1l","status":"publish","type":"product","link":"https:\/\/ventspils.citro.lv\/ru\/veikals\/nektars-elmenhorster-dzervenu-30-1l\/","title":{"rendered":"Nekt\u0101rs Elmenhorster dz\u0113rve\u0146u 30% 1l"},"content":{"rendered":"","protected":false},"excerpt":{"rendered":"<p>2.79 \u20ac\/l<\/p>\n","protected":false},"featured_media":1243821,"template":"","meta":{"_acf_changed":false,"inline_featured_image":false},"product_cat":[106,124],"product_tag":[],"acf":[],"aioseo_notices":[],"_links":{"self":[{"href":"https:\/\/ventspils.citro.lv\/ru\/wp-json\/wp\/v2\/product\/461139"}],"collection":[{"href":"https:\/\/ventspils.citro.lv\/ru\/wp-json\/wp\/v2\/product"}],"about":[{"href":"https:\/\/ventspils.citro.lv\/ru\/wp-json\/wp\/v2\/types\/product"}],"wp:featuredmedia":[{"embeddable":true,"href":"https:\/\/ventspils.citro.lv\/ru\/wp-json\/wp\/v2\/media\/1243821"}],"wp:attachment":[{"href":"https:\/\/ventspils.citro.lv\/ru\/wp-json\/wp\/v2\/media?parent=461139"}],"wp:term":[{"taxonomy":"product_cat","embeddable":true,"href":"https:\/\/ventspils.citro.lv\/ru\/wp-json\/wp\/v2\/product_cat?post=461139"},{"taxonomy":"product_tag","embeddable":true,"href":"https:\/\/ventspils.citro.lv\/ru\/wp-json\/wp\/v2\/product_tag?post=461139"}],"curies":[{"name":"wp","href":"https:\/\/api.w.org\/{rel}","templated":true}]}}