{"id":459580,"date":"2026-03-28T02:24:42","date_gmt":"2026-03-28T00:24:42","guid":{"rendered":"https:\/\/ventspils.citro.lv\/veikals\/plovs-citro-300g\/"},"modified":"2026-05-12T23:41:34","modified_gmt":"2026-05-12T20:41:34","slug":"plovs-citro-300g","status":"publish","type":"product","link":"https:\/\/ventspils.citro.lv\/ru\/veikals\/plovs-citro-300g\/","title":{"rendered":"Plovs Citro 300g"},"content":{"rendered":"<p>Sast\u0101vda\u013cas: \u016bdens, ke\u010dups (tom\u0101tu pasta (18%), modific\u0113ta kartupelu ciete, cukurs, p\u0101rtikas s\u0101ls, sk\u0101buma  regul\u0113tajs: etil\u0137sk\u0101be, konservanti: E211,8202, stabiliz\u0113t\u0101js:8412, tom\u0101tu aromatiz\u0113t\u0101js, saldinat\u0101js: sahar\u012bns,  antioksidants: askorb\u012bnsk\u0101be), r\u012bsi, c\u016bkga\u013ca, s\u012bpoli, burk\u0101ni, e\u013c\u013ca augu, \u0137iploki, p\u0101rtikas s\u0101ls, gar\u0161viela c\u016bkga\u013cai (s\u0101ls (49%), s\u012bpoli, melnie pipari, sald\u0101 paprika, gar\u0161as pastiprin\u0101t\u0101js n\u0101trija glutam\u0101ts, \u0137iploki, as\u0101 paprika, cukurs, ingvers, muskatrieksti, pretsalipes viela E551), gar\u0161viela univers\u0101l\u0101 (s\u0101ls (63,2%), kalt\u0113ti d\u0101rze\u0146i (16,26%): burk\u0101ni, pastinaks, p\u0113ters\u012b\u013ci, s\u012bpoli, dilles, SELERIJA, tom\u0101ts, \u0137iploki, paprika:  cukurs, gar\u0161as pastiprin\u0101t\u0101js: monon\u0101trija glutam\u0101ts; kurkuma, melni pipari, augu prote\u012bna hidroliz\u0101ts, rap\u0161u e\u013c\u013ca,  kr\u0101sviela: riboflav\u012bns). 100 g produkta satur : ener\u0123\u0113tisk\u0101 v\u0113rt\u012bba : 682KJ\/163kcal,  tauki 4,2 g, tostarp pies\u0101tin\u0101t\u0101s tauksk\u0101bes 1 g, og\u013chidr\u0101ti 25 g, tostarp cukurs 2,3 g, \u0161\u0137iedrvielas 0,8 g, olbaltumvielas 5,9 g, s\u0101ls 1,6 g. Uzglab\u0101\u0161anas temperat\u016bra: +2&#8230;+6 C. Izlietot l\u012bdz: nor\u0101d\u012bts uz iepakojuma. Ra\u017eot\u0101js: SIA Di\u0101na Bistro, Andreja iela 5, Ventspils.<\/p>\n","protected":false},"excerpt":{"rendered":"<p>7.63 \u20ac\/kg<\/p>\n","protected":false},"featured_media":1237448,"template":"","meta":{"_acf_changed":false,"inline_featured_image":false},"product_cat":[113,222],"product_tag":[],"acf":[],"aioseo_notices":[],"_links":{"self":[{"href":"https:\/\/ventspils.citro.lv\/ru\/wp-json\/wp\/v2\/product\/459580"}],"collection":[{"href":"https:\/\/ventspils.citro.lv\/ru\/wp-json\/wp\/v2\/product"}],"about":[{"href":"https:\/\/ventspils.citro.lv\/ru\/wp-json\/wp\/v2\/types\/product"}],"wp:featuredmedia":[{"embeddable":true,"href":"https:\/\/ventspils.citro.lv\/ru\/wp-json\/wp\/v2\/media\/1237448"}],"wp:attachment":[{"href":"https:\/\/ventspils.citro.lv\/ru\/wp-json\/wp\/v2\/media?parent=459580"}],"wp:term":[{"taxonomy":"product_cat","embeddable":true,"href":"https:\/\/ventspils.citro.lv\/ru\/wp-json\/wp\/v2\/product_cat?post=459580"},{"taxonomy":"product_tag","embeddable":true,"href":"https:\/\/ventspils.citro.lv\/ru\/wp-json\/wp\/v2\/product_tag?post=459580"}],"curies":[{"name":"wp","href":"https:\/\/api.w.org\/{rel}","templated":true}]}}