{"id":459213,"date":"2025-09-05T02:45:02","date_gmt":"2025-09-04T23:45:02","guid":{"rendered":"https:\/\/ventspils.citro.lv\/veikals\/sokolade-tumsa-sarkana-magone-ar-karam-un-vaf-100g-2\/"},"modified":"2025-09-05T02:45:12","modified_gmt":"2025-09-04T23:45:12","slug":"sokolade-tumsa-sarkana-magone-ar-karam-un-vaf-100g-2","status":"publish","type":"product","link":"https:\/\/ventspils.citro.lv\/ru\/veikals\/sokolade-tumsa-sarkana-magone-ar-karam-un-vaf-100g-2\/","title":{"rendered":"\u0160okol\u0101de tum\u0161\u0101 Sarkan\u0101 Magone ar karam. un vaf. 100g"},"content":{"rendered":"","protected":false},"excerpt":{"rendered":"<p>33.22 \u20ac\/kg<\/p>\n","protected":false},"featured_media":1119497,"template":"","meta":{"_acf_changed":false,"inline_featured_image":false},"product_cat":[547,125],"product_tag":[],"acf":[],"aioseo_notices":[],"_links":{"self":[{"href":"https:\/\/ventspils.citro.lv\/ru\/wp-json\/wp\/v2\/product\/459213"}],"collection":[{"href":"https:\/\/ventspils.citro.lv\/ru\/wp-json\/wp\/v2\/product"}],"about":[{"href":"https:\/\/ventspils.citro.lv\/ru\/wp-json\/wp\/v2\/types\/product"}],"wp:featuredmedia":[{"embeddable":true,"href":"https:\/\/ventspils.citro.lv\/ru\/wp-json\/wp\/v2\/media\/1119497"}],"wp:attachment":[{"href":"https:\/\/ventspils.citro.lv\/ru\/wp-json\/wp\/v2\/media?parent=459213"}],"wp:term":[{"taxonomy":"product_cat","embeddable":true,"href":"https:\/\/ventspils.citro.lv\/ru\/wp-json\/wp\/v2\/product_cat?post=459213"},{"taxonomy":"product_tag","embeddable":true,"href":"https:\/\/ventspils.citro.lv\/ru\/wp-json\/wp\/v2\/product_tag?post=459213"}],"curies":[{"name":"wp","href":"https:\/\/api.w.org\/{rel}","templated":true}]}}