{"id":458901,"date":"2026-03-17T07:48:03","date_gmt":"2026-03-17T05:48:03","guid":{"rendered":"https:\/\/ventspils.citro.lv\/veikals\/makaroni-ar-malto-galu-citro-300-g\/"},"modified":"2026-04-03T13:47:10","modified_gmt":"2026-04-03T10:47:10","slug":"makaroni-ar-malto-galu-citro-300-g","status":"publish","type":"product","link":"https:\/\/ventspils.citro.lv\/ru\/veikals\/makaroni-ar-malto-galu-citro-300-g\/","title":{"rendered":"Makaroni ar malto ga\u013cu Citro 300 g"},"content":{"rendered":"<p>Sast\u0101vda\u013cas: makaroni 77% (KVIE\u0160U milti, \u016bdens, kurkuma), c\u016bkga\u013ca 19%, augu e\u013c\u013ca, gar\u0161viela c\u016bkga\u013cai (s\u0101ls (49%), s\u012bpoli drupin\u0101ti, melnie pipari, sald\u0101 paprika, gar\u0161as pastiprin\u0101t\u0101js- n\u0101trija glutam\u0101ts, \u0137iploki, as\u0101 paprika, cukurs, ingvers, muskatrieksti, pretsalipes viela E551), p\u0101rtikas s\u0101ls, melnie maltie pipari. 100 g produkta satur:  ener\u0123\u0113tisk\u0101 v\u0113rt\u012bba 1513KJ\/358kcal,  tauki 5,3 g, tostarp pies\u0101tin\u0101t\u0101s tauksk\u0101bes 1,3 g, og\u013chidr\u0101ti 62,7 g, tostarp cukurs 2,3 g, olbaltumvielas 13,8 g, s\u0101ls 0,8 g. Uzglab\u0101\u0161anas temperat\u016bra: +2&#8230;+6 C. Izlietot l\u012bdz: nor\u0101d\u012bts uz iepakojuma. Pirms uzsild\u012b\u0161anas no\u0146emt v\u0101ci\u0146u,  kars\u0113\u0161ana l\u012bdz +70\u00b0C, ne ilg\u0101k k\u0101 2 stundas,  kars\u0113jot l\u012bdz +100\u00b0C, ne ilg\u0101k k\u0101 15 min\u016btes .  Ieteicamais maksim\u0101lais sild\u012b\u0161anas laiks 3 min\u016btes ar maksim\u0101lo 850 vatu mikrovi\u013c\u0146u kr\u0101sn\u012b. Ra\u017eot\u0101js: SIA Di\u0101na Bistro, Andreja iela 5, Ventspils.<\/p>\n","protected":false},"excerpt":{"rendered":"<p>6.30 \u20ac\/kg<\/p>\n","protected":false},"featured_media":1227359,"template":"","meta":{"_acf_changed":false,"inline_featured_image":false},"product_cat":[113,222],"product_tag":[],"acf":[],"aioseo_notices":[],"_links":{"self":[{"href":"https:\/\/ventspils.citro.lv\/ru\/wp-json\/wp\/v2\/product\/458901"}],"collection":[{"href":"https:\/\/ventspils.citro.lv\/ru\/wp-json\/wp\/v2\/product"}],"about":[{"href":"https:\/\/ventspils.citro.lv\/ru\/wp-json\/wp\/v2\/types\/product"}],"wp:featuredmedia":[{"embeddable":true,"href":"https:\/\/ventspils.citro.lv\/ru\/wp-json\/wp\/v2\/media\/1227359"}],"wp:attachment":[{"href":"https:\/\/ventspils.citro.lv\/ru\/wp-json\/wp\/v2\/media?parent=458901"}],"wp:term":[{"taxonomy":"product_cat","embeddable":true,"href":"https:\/\/ventspils.citro.lv\/ru\/wp-json\/wp\/v2\/product_cat?post=458901"},{"taxonomy":"product_tag","embeddable":true,"href":"https:\/\/ventspils.citro.lv\/ru\/wp-json\/wp\/v2\/product_tag?post=458901"}],"curies":[{"name":"wp","href":"https:\/\/api.w.org\/{rel}","templated":true}]}}