{"id":458816,"date":"2026-04-10T08:09:14","date_gmt":"2026-04-10T05:09:14","guid":{"rendered":"https:\/\/ventspils.citro.lv\/veikals\/sokolade-krejuma-90g\/"},"modified":"2026-04-10T08:09:24","modified_gmt":"2026-04-10T05:09:24","slug":"sokolade-laima-krejuma-90g","status":"publish","type":"product","link":"https:\/\/ventspils.citro.lv\/ru\/veikals\/sokolade-laima-krejuma-90g\/","title":{"rendered":"\u0160okol\u0101de Laima kr\u0113juma 90g"},"content":{"rendered":"","protected":false},"excerpt":{"rendered":"<p>22.78 \u20ac\/kg<\/p>\n","protected":false},"featured_media":1243828,"template":"","meta":{"_acf_changed":false,"inline_featured_image":false},"product_cat":[547,125],"product_tag":[],"acf":[],"aioseo_notices":[],"_links":{"self":[{"href":"https:\/\/ventspils.citro.lv\/ru\/wp-json\/wp\/v2\/product\/458816"}],"collection":[{"href":"https:\/\/ventspils.citro.lv\/ru\/wp-json\/wp\/v2\/product"}],"about":[{"href":"https:\/\/ventspils.citro.lv\/ru\/wp-json\/wp\/v2\/types\/product"}],"wp:featuredmedia":[{"embeddable":true,"href":"https:\/\/ventspils.citro.lv\/ru\/wp-json\/wp\/v2\/media\/1243828"}],"wp:attachment":[{"href":"https:\/\/ventspils.citro.lv\/ru\/wp-json\/wp\/v2\/media?parent=458816"}],"wp:term":[{"taxonomy":"product_cat","embeddable":true,"href":"https:\/\/ventspils.citro.lv\/ru\/wp-json\/wp\/v2\/product_cat?post=458816"},{"taxonomy":"product_tag","embeddable":true,"href":"https:\/\/ventspils.citro.lv\/ru\/wp-json\/wp\/v2\/product_tag?post=458816"}],"curies":[{"name":"wp","href":"https:\/\/api.w.org\/{rel}","templated":true}]}}