{"id":4514,"date":"2026-05-12T04:39:51","date_gmt":"2026-05-12T01:39:51","guid":{"rendered":"https:\/\/eveikals.citro.lv\/ventspils\/veikals\/jogurts-salda-krejuma-ar-zemenem-5-400g\/"},"modified":"2026-05-12T04:39:56","modified_gmt":"2026-05-12T01:39:56","slug":"jogurts-salda-krejuma-ar-zemenem-5-400g","status":"publish","type":"product","link":"https:\/\/ventspils.citro.lv\/ru\/veikals\/jogurts-salda-krejuma-ar-zemenem-5-400g\/","title":{"rendered":"Jogurts sald\u0101 kr\u0113juma ar zemen\u0113m 5% 400g"},"content":{"rendered":"","protected":false},"excerpt":{"rendered":"<p>3.98 \u20ac\/kg<\/p>\n","protected":false},"featured_media":1258896,"template":"","meta":{"_acf_changed":false,"inline_featured_image":false},"product_cat":[95,100],"product_tag":[],"acf":[],"aioseo_notices":[],"_links":{"self":[{"href":"https:\/\/ventspils.citro.lv\/ru\/wp-json\/wp\/v2\/product\/4514"}],"collection":[{"href":"https:\/\/ventspils.citro.lv\/ru\/wp-json\/wp\/v2\/product"}],"about":[{"href":"https:\/\/ventspils.citro.lv\/ru\/wp-json\/wp\/v2\/types\/product"}],"wp:featuredmedia":[{"embeddable":true,"href":"https:\/\/ventspils.citro.lv\/ru\/wp-json\/wp\/v2\/media\/1258896"}],"wp:attachment":[{"href":"https:\/\/ventspils.citro.lv\/ru\/wp-json\/wp\/v2\/media?parent=4514"}],"wp:term":[{"taxonomy":"product_cat","embeddable":true,"href":"https:\/\/ventspils.citro.lv\/ru\/wp-json\/wp\/v2\/product_cat?post=4514"},{"taxonomy":"product_tag","embeddable":true,"href":"https:\/\/ventspils.citro.lv\/ru\/wp-json\/wp\/v2\/product_tag?post=4514"}],"curies":[{"name":"wp","href":"https:\/\/api.w.org\/{rel}","templated":true}]}}