{"id":444429,"date":"2025-09-24T02:45:32","date_gmt":"2025-09-23T23:45:32","guid":{"rendered":"https:\/\/ventspils.citro.lv\/veikals\/matu-balinasanas-puderis-variete-blond-25g\/"},"modified":"2025-09-24T02:45:42","modified_gmt":"2025-09-23T23:45:42","slug":"matu-balinasanas-puderis-variete-blond-25g","status":"publish","type":"product","link":"https:\/\/ventspils.citro.lv\/ru\/veikals\/matu-balinasanas-puderis-variete-blond-25g\/","title":{"rendered":"Matu balin\u0101\u0161anas p\u016bderis Variete Blond 25g"},"content":{"rendered":"","protected":false},"excerpt":{"rendered":"<p>1.39 \u20ac\/gb<\/p>\n","protected":false},"featured_media":1129513,"template":"","meta":{"_acf_changed":false,"inline_featured_image":false},"product_cat":[127,160],"product_tag":[],"acf":[],"aioseo_notices":[],"_links":{"self":[{"href":"https:\/\/ventspils.citro.lv\/ru\/wp-json\/wp\/v2\/product\/444429"}],"collection":[{"href":"https:\/\/ventspils.citro.lv\/ru\/wp-json\/wp\/v2\/product"}],"about":[{"href":"https:\/\/ventspils.citro.lv\/ru\/wp-json\/wp\/v2\/types\/product"}],"wp:featuredmedia":[{"embeddable":true,"href":"https:\/\/ventspils.citro.lv\/ru\/wp-json\/wp\/v2\/media\/1129513"}],"wp:attachment":[{"href":"https:\/\/ventspils.citro.lv\/ru\/wp-json\/wp\/v2\/media?parent=444429"}],"wp:term":[{"taxonomy":"product_cat","embeddable":true,"href":"https:\/\/ventspils.citro.lv\/ru\/wp-json\/wp\/v2\/product_cat?post=444429"},{"taxonomy":"product_tag","embeddable":true,"href":"https:\/\/ventspils.citro.lv\/ru\/wp-json\/wp\/v2\/product_tag?post=444429"}],"curies":[{"name":"wp","href":"https:\/\/api.w.org\/{rel}","templated":true}]}}