{"id":444415,"date":"2026-02-13T07:51:40","date_gmt":"2026-02-13T05:51:40","guid":{"rendered":"https:\/\/ventspils.citro.lv\/veikals\/skusanas-kasetes-gillette-mach3-5gb\/"},"modified":"2026-02-13T07:51:49","modified_gmt":"2026-02-13T05:51:49","slug":"skusanas-kasetes-gillette-mach3-5gb","status":"publish","type":"product","link":"https:\/\/ventspils.citro.lv\/ru\/veikals\/skusanas-kasetes-gillette-mach3-5gb\/","title":{"rendered":"Sk\u016b\u0161an\u0101s kasetes Gillette Mach3 5gb"},"content":{"rendered":"","protected":false},"excerpt":{"rendered":"<p>2.70 \u20ac\/gb<\/p>\n","protected":false},"featured_media":1208906,"template":"","meta":{"_acf_changed":false,"inline_featured_image":false},"product_cat":[127,170],"product_tag":[],"acf":[],"aioseo_notices":[],"_links":{"self":[{"href":"https:\/\/ventspils.citro.lv\/ru\/wp-json\/wp\/v2\/product\/444415"}],"collection":[{"href":"https:\/\/ventspils.citro.lv\/ru\/wp-json\/wp\/v2\/product"}],"about":[{"href":"https:\/\/ventspils.citro.lv\/ru\/wp-json\/wp\/v2\/types\/product"}],"wp:featuredmedia":[{"embeddable":true,"href":"https:\/\/ventspils.citro.lv\/ru\/wp-json\/wp\/v2\/media\/1208906"}],"wp:attachment":[{"href":"https:\/\/ventspils.citro.lv\/ru\/wp-json\/wp\/v2\/media?parent=444415"}],"wp:term":[{"taxonomy":"product_cat","embeddable":true,"href":"https:\/\/ventspils.citro.lv\/ru\/wp-json\/wp\/v2\/product_cat?post=444415"},{"taxonomy":"product_tag","embeddable":true,"href":"https:\/\/ventspils.citro.lv\/ru\/wp-json\/wp\/v2\/product_tag?post=444415"}],"curies":[{"name":"wp","href":"https:\/\/api.w.org\/{rel}","templated":true}]}}