{"id":444298,"date":"2025-01-18T03:00:03","date_gmt":"2025-01-18T01:00:03","guid":{"rendered":"https:\/\/ventspils.citro.lv\/veikals\/otina-matu-krasosanai-1gb\/"},"modified":"2025-01-18T03:00:04","modified_gmt":"2025-01-18T01:00:04","slug":"otina-matu-krasosanai-1gb","status":"publish","type":"product","link":"https:\/\/ventspils.citro.lv\/ru\/veikals\/otina-matu-krasosanai-1gb\/","title":{"rendered":"Oti\u0146a matu kr\u0101so\u0161anai 1gb"},"content":{"rendered":"","protected":false},"excerpt":{"rendered":"<p>1.19 \u20ac\/gb<\/p>\n","protected":false},"featured_media":983007,"template":"","meta":{"_acf_changed":false,"inline_featured_image":false},"product_cat":[238,131],"product_tag":[],"acf":[],"aioseo_notices":[],"_links":{"self":[{"href":"https:\/\/ventspils.citro.lv\/ru\/wp-json\/wp\/v2\/product\/444298"}],"collection":[{"href":"https:\/\/ventspils.citro.lv\/ru\/wp-json\/wp\/v2\/product"}],"about":[{"href":"https:\/\/ventspils.citro.lv\/ru\/wp-json\/wp\/v2\/types\/product"}],"wp:featuredmedia":[{"embeddable":true,"href":"https:\/\/ventspils.citro.lv\/ru\/wp-json\/wp\/v2\/media\/983007"}],"wp:attachment":[{"href":"https:\/\/ventspils.citro.lv\/ru\/wp-json\/wp\/v2\/media?parent=444298"}],"wp:term":[{"taxonomy":"product_cat","embeddable":true,"href":"https:\/\/ventspils.citro.lv\/ru\/wp-json\/wp\/v2\/product_cat?post=444298"},{"taxonomy":"product_tag","embeddable":true,"href":"https:\/\/ventspils.citro.lv\/ru\/wp-json\/wp\/v2\/product_tag?post=444298"}],"curies":[{"name":"wp","href":"https:\/\/api.w.org\/{rel}","templated":true}]}}