{"id":444223,"date":"2026-01-28T21:18:13","date_gmt":"2026-01-28T19:18:13","guid":{"rendered":"https:\/\/ventspils.citro.lv\/veikals\/sejas-maska-nesterila-1gb\/"},"modified":"2026-03-23T14:35:12","modified_gmt":"2026-03-23T12:35:12","slug":"sejas-maska-nesterila-1gb","status":"publish","type":"product","link":"https:\/\/ventspils.citro.lv\/ru\/veikals\/sejas-maska-nesterila-1gb\/","title":{"rendered":"Sejas maska nesterila 1gb"},"content":{"rendered":"<p>LOT nr.M-210701-1710  art.M50A  Izgatavo\u0161anas datums01. 07.2021  Der\u012bguma termi\u0146\u0161 07.2026 Izplat\u012bt\u0101js AS Di\u0101na<\/p>\n","protected":false},"excerpt":{"rendered":"<p>0.49 \u20ac\/gb<\/p>\n","protected":false},"featured_media":1200381,"template":"","meta":{"_acf_changed":false,"inline_featured_image":false},"product_cat":[585,131],"product_tag":[],"acf":[],"aioseo_notices":[],"_links":{"self":[{"href":"https:\/\/ventspils.citro.lv\/ru\/wp-json\/wp\/v2\/product\/444223"}],"collection":[{"href":"https:\/\/ventspils.citro.lv\/ru\/wp-json\/wp\/v2\/product"}],"about":[{"href":"https:\/\/ventspils.citro.lv\/ru\/wp-json\/wp\/v2\/types\/product"}],"wp:featuredmedia":[{"embeddable":true,"href":"https:\/\/ventspils.citro.lv\/ru\/wp-json\/wp\/v2\/media\/1200381"}],"wp:attachment":[{"href":"https:\/\/ventspils.citro.lv\/ru\/wp-json\/wp\/v2\/media?parent=444223"}],"wp:term":[{"taxonomy":"product_cat","embeddable":true,"href":"https:\/\/ventspils.citro.lv\/ru\/wp-json\/wp\/v2\/product_cat?post=444223"},{"taxonomy":"product_tag","embeddable":true,"href":"https:\/\/ventspils.citro.lv\/ru\/wp-json\/wp\/v2\/product_tag?post=444223"}],"curies":[{"name":"wp","href":"https:\/\/api.w.org\/{rel}","templated":true}]}}