{"id":444108,"date":"2026-02-18T02:12:19","date_gmt":"2026-02-18T00:12:19","guid":{"rendered":"https:\/\/ventspils.citro.lv\/veikals\/albums-zimesanas-a4-25lp\/"},"modified":"2026-02-18T02:12:26","modified_gmt":"2026-02-18T00:12:26","slug":"albums-zimesanas-a4-25lp","status":"publish","type":"product","link":"https:\/\/ventspils.citro.lv\/ru\/veikals\/albums-zimesanas-a4-25lp\/","title":{"rendered":"Albums z\u012bm\u0113\u0161anas A4 25lp"},"content":{"rendered":"","protected":false},"excerpt":{"rendered":"<p>1.39 \u20ac\/gb<\/p>\n","protected":false},"featured_media":1210891,"template":"","meta":{"_acf_changed":false,"inline_featured_image":false},"product_cat":[131,198],"product_tag":[],"acf":[],"aioseo_notices":[],"_links":{"self":[{"href":"https:\/\/ventspils.citro.lv\/ru\/wp-json\/wp\/v2\/product\/444108"}],"collection":[{"href":"https:\/\/ventspils.citro.lv\/ru\/wp-json\/wp\/v2\/product"}],"about":[{"href":"https:\/\/ventspils.citro.lv\/ru\/wp-json\/wp\/v2\/types\/product"}],"wp:featuredmedia":[{"embeddable":true,"href":"https:\/\/ventspils.citro.lv\/ru\/wp-json\/wp\/v2\/media\/1210891"}],"wp:attachment":[{"href":"https:\/\/ventspils.citro.lv\/ru\/wp-json\/wp\/v2\/media?parent=444108"}],"wp:term":[{"taxonomy":"product_cat","embeddable":true,"href":"https:\/\/ventspils.citro.lv\/ru\/wp-json\/wp\/v2\/product_cat?post=444108"},{"taxonomy":"product_tag","embeddable":true,"href":"https:\/\/ventspils.citro.lv\/ru\/wp-json\/wp\/v2\/product_tag?post=444108"}],"curies":[{"name":"wp","href":"https:\/\/api.w.org\/{rel}","templated":true}]}}