{"id":444065,"date":"2026-01-21T01:06:44","date_gmt":"2026-01-20T23:06:44","guid":{"rendered":"https:\/\/ventspils.citro.lv\/veikals\/apavu-krems-puce-tubina-bruns-50ml\/"},"modified":"2026-01-21T01:06:49","modified_gmt":"2026-01-20T23:06:49","slug":"apavu-krems-puce-tubina-bruns-50ml","status":"publish","type":"product","link":"https:\/\/ventspils.citro.lv\/ru\/veikals\/apavu-krems-puce-tubina-bruns-50ml\/","title":{"rendered":"Apavu kr\u0113ms P\u016bce t\u016bbi\u0146\u0101 br\u016bns 50ml"},"content":{"rendered":"","protected":false},"excerpt":{"rendered":"<p>17.80 \u20ac\/l<\/p>\n","protected":false},"featured_media":1196448,"template":"","meta":{"_acf_changed":false,"inline_featured_image":false},"product_cat":[593,131],"product_tag":[],"acf":[],"aioseo_notices":[],"_links":{"self":[{"href":"https:\/\/ventspils.citro.lv\/ru\/wp-json\/wp\/v2\/product\/444065"}],"collection":[{"href":"https:\/\/ventspils.citro.lv\/ru\/wp-json\/wp\/v2\/product"}],"about":[{"href":"https:\/\/ventspils.citro.lv\/ru\/wp-json\/wp\/v2\/types\/product"}],"wp:featuredmedia":[{"embeddable":true,"href":"https:\/\/ventspils.citro.lv\/ru\/wp-json\/wp\/v2\/media\/1196448"}],"wp:attachment":[{"href":"https:\/\/ventspils.citro.lv\/ru\/wp-json\/wp\/v2\/media?parent=444065"}],"wp:term":[{"taxonomy":"product_cat","embeddable":true,"href":"https:\/\/ventspils.citro.lv\/ru\/wp-json\/wp\/v2\/product_cat?post=444065"},{"taxonomy":"product_tag","embeddable":true,"href":"https:\/\/ventspils.citro.lv\/ru\/wp-json\/wp\/v2\/product_tag?post=444065"}],"curies":[{"name":"wp","href":"https:\/\/api.w.org\/{rel}","templated":true}]}}