{"id":444044,"date":"2026-02-18T02:03:25","date_gmt":"2026-02-18T00:03:25","guid":{"rendered":"https:\/\/ventspils.citro.lv\/veikals\/burtnica-liniju-18lp-divkrasu\/"},"modified":"2026-02-18T02:03:39","modified_gmt":"2026-02-18T00:03:39","slug":"burtnica-liniju-18lp-divkrasu","status":"publish","type":"product","link":"https:\/\/ventspils.citro.lv\/ru\/veikals\/burtnica-liniju-18lp-divkrasu\/","title":{"rendered":"Burtn\u012bca l\u012bniju 18lp divkr\u0101su"},"content":{"rendered":"","protected":false},"excerpt":{"rendered":"<p>0.49 \u20ac\/gb<\/p>\n","protected":false},"featured_media":1210869,"template":"","meta":{"_acf_changed":false,"inline_featured_image":false},"product_cat":[131,198],"product_tag":[],"acf":[],"aioseo_notices":[],"_links":{"self":[{"href":"https:\/\/ventspils.citro.lv\/ru\/wp-json\/wp\/v2\/product\/444044"}],"collection":[{"href":"https:\/\/ventspils.citro.lv\/ru\/wp-json\/wp\/v2\/product"}],"about":[{"href":"https:\/\/ventspils.citro.lv\/ru\/wp-json\/wp\/v2\/types\/product"}],"wp:featuredmedia":[{"embeddable":true,"href":"https:\/\/ventspils.citro.lv\/ru\/wp-json\/wp\/v2\/media\/1210869"}],"wp:attachment":[{"href":"https:\/\/ventspils.citro.lv\/ru\/wp-json\/wp\/v2\/media?parent=444044"}],"wp:term":[{"taxonomy":"product_cat","embeddable":true,"href":"https:\/\/ventspils.citro.lv\/ru\/wp-json\/wp\/v2\/product_cat?post=444044"},{"taxonomy":"product_tag","embeddable":true,"href":"https:\/\/ventspils.citro.lv\/ru\/wp-json\/wp\/v2\/product_tag?post=444044"}],"curies":[{"name":"wp","href":"https:\/\/api.w.org\/{rel}","templated":true}]}}