{"id":443973,"date":"2024-04-16T01:51:27","date_gmt":"2024-04-15T22:51:27","guid":{"rendered":"https:\/\/ventspils.citro.lv\/veikals\/lupu-kopsanas-lidzeklis-nivea-hydro-care-4-8g\/"},"modified":"2024-04-16T01:51:29","modified_gmt":"2024-04-15T22:51:29","slug":"lupu-kopsanas-lidzeklis-nivea-hydro-care-4-8g","status":"publish","type":"product","link":"https:\/\/ventspils.citro.lv\/ru\/veikals\/lupu-kopsanas-lidzeklis-nivea-hydro-care-4-8g\/","title":{"rendered":"L\u016bpu kop\u0161anas l\u012bdzeklis Nivea Hydro Care 4.8g"},"content":{"rendered":"","protected":false},"excerpt":{"rendered":"<p>768.75 \u20ac\/kg<\/p>\n","protected":false},"featured_media":797470,"template":"","meta":{"_acf_changed":false,"inline_featured_image":false},"product_cat":[601,127],"product_tag":[],"acf":[],"aioseo_notices":[],"_links":{"self":[{"href":"https:\/\/ventspils.citro.lv\/ru\/wp-json\/wp\/v2\/product\/443973"}],"collection":[{"href":"https:\/\/ventspils.citro.lv\/ru\/wp-json\/wp\/v2\/product"}],"about":[{"href":"https:\/\/ventspils.citro.lv\/ru\/wp-json\/wp\/v2\/types\/product"}],"wp:featuredmedia":[{"embeddable":true,"href":"https:\/\/ventspils.citro.lv\/ru\/wp-json\/wp\/v2\/media\/797470"}],"wp:attachment":[{"href":"https:\/\/ventspils.citro.lv\/ru\/wp-json\/wp\/v2\/media?parent=443973"}],"wp:term":[{"taxonomy":"product_cat","embeddable":true,"href":"https:\/\/ventspils.citro.lv\/ru\/wp-json\/wp\/v2\/product_cat?post=443973"},{"taxonomy":"product_tag","embeddable":true,"href":"https:\/\/ventspils.citro.lv\/ru\/wp-json\/wp\/v2\/product_tag?post=443973"}],"curies":[{"name":"wp","href":"https:\/\/api.w.org\/{rel}","templated":true}]}}