{"id":443944,"date":"2026-02-18T01:40:00","date_gmt":"2026-02-17T23:40:00","guid":{"rendered":"https:\/\/ventspils.citro.lv\/veikals\/guasa-krasas-6krasas-20ml\/"},"modified":"2026-02-18T01:40:19","modified_gmt":"2026-02-17T23:40:19","slug":"guasa-krasas-6krasas-20ml","status":"publish","type":"product","link":"https:\/\/ventspils.citro.lv\/ru\/veikals\/guasa-krasas-6krasas-20ml\/","title":{"rendered":"Gua\u0161a kr\u0101sas 6kr\u0101sas 20ml"},"content":{"rendered":"","protected":false},"excerpt":{"rendered":"<p>0.42 \u20ac\/gb<\/p>\n","protected":false},"featured_media":1210823,"template":"","meta":{"_acf_changed":false,"inline_featured_image":false},"product_cat":[131,198],"product_tag":[],"acf":[],"aioseo_notices":[],"_links":{"self":[{"href":"https:\/\/ventspils.citro.lv\/ru\/wp-json\/wp\/v2\/product\/443944"}],"collection":[{"href":"https:\/\/ventspils.citro.lv\/ru\/wp-json\/wp\/v2\/product"}],"about":[{"href":"https:\/\/ventspils.citro.lv\/ru\/wp-json\/wp\/v2\/types\/product"}],"wp:featuredmedia":[{"embeddable":true,"href":"https:\/\/ventspils.citro.lv\/ru\/wp-json\/wp\/v2\/media\/1210823"}],"wp:attachment":[{"href":"https:\/\/ventspils.citro.lv\/ru\/wp-json\/wp\/v2\/media?parent=443944"}],"wp:term":[{"taxonomy":"product_cat","embeddable":true,"href":"https:\/\/ventspils.citro.lv\/ru\/wp-json\/wp\/v2\/product_cat?post=443944"},{"taxonomy":"product_tag","embeddable":true,"href":"https:\/\/ventspils.citro.lv\/ru\/wp-json\/wp\/v2\/product_tag?post=443944"}],"curies":[{"name":"wp","href":"https:\/\/api.w.org\/{rel}","templated":true}]}}