{"id":443874,"date":"2026-04-10T04:33:03","date_gmt":"2026-04-10T01:33:03","guid":{"rendered":"https:\/\/ventspils.citro.lv\/veikals\/krems-rokam-neutrogena-atras-iedarbibas-75ml\/"},"modified":"2026-04-10T04:33:08","modified_gmt":"2026-04-10T01:33:08","slug":"krems-rokam-neutrogena-atras-iedarbibas-75ml","status":"publish","type":"product","link":"https:\/\/ventspils.citro.lv\/ru\/veikals\/krems-rokam-neutrogena-atras-iedarbibas-75ml\/","title":{"rendered":"Kr\u0113ms rok\u0101m Neutrogena \u0101tras iedarb\u012bbas 75ml"},"content":{"rendered":"","protected":false},"excerpt":{"rendered":"<p>66.53 \u20ac\/l<\/p>\n","protected":false},"featured_media":1242869,"template":"","meta":{"_acf_changed":false,"inline_featured_image":false},"product_cat":[603,127],"product_tag":[],"acf":[],"aioseo_notices":[],"_links":{"self":[{"href":"https:\/\/ventspils.citro.lv\/ru\/wp-json\/wp\/v2\/product\/443874"}],"collection":[{"href":"https:\/\/ventspils.citro.lv\/ru\/wp-json\/wp\/v2\/product"}],"about":[{"href":"https:\/\/ventspils.citro.lv\/ru\/wp-json\/wp\/v2\/types\/product"}],"wp:featuredmedia":[{"embeddable":true,"href":"https:\/\/ventspils.citro.lv\/ru\/wp-json\/wp\/v2\/media\/1242869"}],"wp:attachment":[{"href":"https:\/\/ventspils.citro.lv\/ru\/wp-json\/wp\/v2\/media?parent=443874"}],"wp:term":[{"taxonomy":"product_cat","embeddable":true,"href":"https:\/\/ventspils.citro.lv\/ru\/wp-json\/wp\/v2\/product_cat?post=443874"},{"taxonomy":"product_tag","embeddable":true,"href":"https:\/\/ventspils.citro.lv\/ru\/wp-json\/wp\/v2\/product_tag?post=443874"}],"curies":[{"name":"wp","href":"https:\/\/api.w.org\/{rel}","templated":true}]}}