{"id":443872,"date":"2026-02-13T04:33:47","date_gmt":"2026-02-13T02:33:47","guid":{"rendered":"https:\/\/ventspils.citro.lv\/veikals\/skusanas-aparats-mach3-ar-2-kasetem\/"},"modified":"2026-02-13T04:33:52","modified_gmt":"2026-02-13T02:33:52","slug":"skusanas-aparats-mach3-ar-2-kasetem","status":"publish","type":"product","link":"https:\/\/ventspils.citro.lv\/ru\/veikals\/skusanas-aparats-mach3-ar-2-kasetem\/","title":{"rendered":"Sk\u016b\u0161an\u0101s apar\u0101ts Mach3 ar 2 kaset\u0113m"},"content":{"rendered":"","protected":false},"excerpt":{"rendered":"<p>10.89 \u20ac\/gb<\/p>\n","protected":false},"featured_media":1208119,"template":"","meta":{"_acf_changed":false,"inline_featured_image":false},"product_cat":[127,170],"product_tag":[],"acf":[],"aioseo_notices":[],"_links":{"self":[{"href":"https:\/\/ventspils.citro.lv\/ru\/wp-json\/wp\/v2\/product\/443872"}],"collection":[{"href":"https:\/\/ventspils.citro.lv\/ru\/wp-json\/wp\/v2\/product"}],"about":[{"href":"https:\/\/ventspils.citro.lv\/ru\/wp-json\/wp\/v2\/types\/product"}],"wp:featuredmedia":[{"embeddable":true,"href":"https:\/\/ventspils.citro.lv\/ru\/wp-json\/wp\/v2\/media\/1208119"}],"wp:attachment":[{"href":"https:\/\/ventspils.citro.lv\/ru\/wp-json\/wp\/v2\/media?parent=443872"}],"wp:term":[{"taxonomy":"product_cat","embeddable":true,"href":"https:\/\/ventspils.citro.lv\/ru\/wp-json\/wp\/v2\/product_cat?post=443872"},{"taxonomy":"product_tag","embeddable":true,"href":"https:\/\/ventspils.citro.lv\/ru\/wp-json\/wp\/v2\/product_tag?post=443872"}],"curies":[{"name":"wp","href":"https:\/\/api.w.org\/{rel}","templated":true}]}}