{"id":43866,"date":"2026-04-22T04:30:49","date_gmt":"2026-04-22T01:30:49","guid":{"rendered":"https:\/\/ventspils.citro.lv\/veikals\/biezpiens-tukuma-0-5-sveramais\/"},"modified":"2026-04-22T04:30:55","modified_gmt":"2026-04-22T01:30:55","slug":"biezpiens-tukuma-0-5-sveramais","status":"publish","type":"product","link":"https:\/\/ventspils.citro.lv\/ru\/veikals\/biezpiens-tukuma-0-5-sveramais\/","title":{"rendered":"Biezpiens Tukuma 0.5% sveramais"},"content":{"rendered":"<p>100g produkta satur: ener\u0123\u0113tisko v\u0113rt\u012bbu 96kcal\/409kJ; olbaltumvielas 19g; og\u013chidr\u0101ti 4g (t.sk. cukurs 4g); tauki 0.5g (t.sk. pies.tauki 0.3g); s\u0101ls 0.2g. Fas\u0113ts: AS &#171;Di\u0101na&#187;. Uzglab\u0101\u0161anas t.:+2+6.<\/p>\n","protected":false},"excerpt":{"rendered":"<p>5.29 \u20ac\/kg<\/p>\n","protected":false},"featured_media":1248116,"template":"","meta":{"_acf_changed":false,"inline_featured_image":false},"product_cat":[95,96],"product_tag":[],"acf":[],"aioseo_notices":[],"_links":{"self":[{"href":"https:\/\/ventspils.citro.lv\/ru\/wp-json\/wp\/v2\/product\/43866"}],"collection":[{"href":"https:\/\/ventspils.citro.lv\/ru\/wp-json\/wp\/v2\/product"}],"about":[{"href":"https:\/\/ventspils.citro.lv\/ru\/wp-json\/wp\/v2\/types\/product"}],"wp:featuredmedia":[{"embeddable":true,"href":"https:\/\/ventspils.citro.lv\/ru\/wp-json\/wp\/v2\/media\/1248116"}],"wp:attachment":[{"href":"https:\/\/ventspils.citro.lv\/ru\/wp-json\/wp\/v2\/media?parent=43866"}],"wp:term":[{"taxonomy":"product_cat","embeddable":true,"href":"https:\/\/ventspils.citro.lv\/ru\/wp-json\/wp\/v2\/product_cat?post=43866"},{"taxonomy":"product_tag","embeddable":true,"href":"https:\/\/ventspils.citro.lv\/ru\/wp-json\/wp\/v2\/product_tag?post=43866"}],"curies":[{"name":"wp","href":"https:\/\/api.w.org\/{rel}","templated":true}]}}