{"id":43860,"date":"2026-04-24T05:51:02","date_gmt":"2026-04-24T02:51:02","guid":{"rendered":"https:\/\/ventspils.citro.lv\/veikals\/konservs-cukgala-sauteta-saimnieka-325g\/"},"modified":"2026-04-24T15:42:22","modified_gmt":"2026-04-24T12:42:22","slug":"konservs-cukgala-sauteta-saimnieka-325g","status":"publish","type":"product","link":"https:\/\/ventspils.citro.lv\/ru\/veikals\/konservs-cukgala-sauteta-saimnieka-325g\/","title":{"rendered":"Konservs c\u016bkga\u013ca saut\u0113ta Saimnieka 325g"},"content":{"rendered":"","protected":false},"excerpt":{"rendered":"<p>6.74 \u20ac\/kg<\/p>\n","protected":false},"featured_media":1251862,"template":"","meta":{"_acf_changed":false,"inline_featured_image":false},"product_cat":[135,174],"product_tag":[],"acf":[],"aioseo_notices":[],"_links":{"self":[{"href":"https:\/\/ventspils.citro.lv\/ru\/wp-json\/wp\/v2\/product\/43860"}],"collection":[{"href":"https:\/\/ventspils.citro.lv\/ru\/wp-json\/wp\/v2\/product"}],"about":[{"href":"https:\/\/ventspils.citro.lv\/ru\/wp-json\/wp\/v2\/types\/product"}],"wp:featuredmedia":[{"embeddable":true,"href":"https:\/\/ventspils.citro.lv\/ru\/wp-json\/wp\/v2\/media\/1251862"}],"wp:attachment":[{"href":"https:\/\/ventspils.citro.lv\/ru\/wp-json\/wp\/v2\/media?parent=43860"}],"wp:term":[{"taxonomy":"product_cat","embeddable":true,"href":"https:\/\/ventspils.citro.lv\/ru\/wp-json\/wp\/v2\/product_cat?post=43860"},{"taxonomy":"product_tag","embeddable":true,"href":"https:\/\/ventspils.citro.lv\/ru\/wp-json\/wp\/v2\/product_tag?post=43860"}],"curies":[{"name":"wp","href":"https:\/\/api.w.org\/{rel}","templated":true}]}}