{"id":43805,"date":"2026-04-06T01:00:02","date_gmt":"2026-04-05T22:00:02","guid":{"rendered":"https:\/\/ventspils.citro.lv\/veikals\/sokolades-batonins-twix-50g\/"},"modified":"2026-04-06T01:00:34","modified_gmt":"2026-04-05T22:00:34","slug":"sokolades-batonins-twix-50g","status":"publish","type":"product","link":"https:\/\/ventspils.citro.lv\/ru\/veikals\/sokolades-batonins-twix-50g\/","title":{"rendered":"\u0160okol\u0101des batoni\u0146\u0161 Twix 50g"},"content":{"rendered":"","protected":false},"excerpt":{"rendered":"<p>15.80 \u20ac\/kg<\/p>\n","protected":false},"featured_media":1239867,"template":"","meta":{"_acf_changed":false,"inline_featured_image":false},"product_cat":[556,125],"product_tag":[],"acf":[],"aioseo_notices":[],"_links":{"self":[{"href":"https:\/\/ventspils.citro.lv\/ru\/wp-json\/wp\/v2\/product\/43805"}],"collection":[{"href":"https:\/\/ventspils.citro.lv\/ru\/wp-json\/wp\/v2\/product"}],"about":[{"href":"https:\/\/ventspils.citro.lv\/ru\/wp-json\/wp\/v2\/types\/product"}],"wp:featuredmedia":[{"embeddable":true,"href":"https:\/\/ventspils.citro.lv\/ru\/wp-json\/wp\/v2\/media\/1239867"}],"wp:attachment":[{"href":"https:\/\/ventspils.citro.lv\/ru\/wp-json\/wp\/v2\/media?parent=43805"}],"wp:term":[{"taxonomy":"product_cat","embeddable":true,"href":"https:\/\/ventspils.citro.lv\/ru\/wp-json\/wp\/v2\/product_cat?post=43805"},{"taxonomy":"product_tag","embeddable":true,"href":"https:\/\/ventspils.citro.lv\/ru\/wp-json\/wp\/v2\/product_tag?post=43805"}],"curies":[{"name":"wp","href":"https:\/\/api.w.org\/{rel}","templated":true}]}}