{"id":43800,"date":"2026-05-12T04:12:14","date_gmt":"2026-05-12T01:12:14","guid":{"rendered":"https:\/\/ventspils.citro.lv\/veikals\/sokolades-batonins-snickers-51g\/"},"modified":"2026-05-12T04:12:19","modified_gmt":"2026-05-12T01:12:19","slug":"sokolades-batonins-snickers-50g","status":"publish","type":"product","link":"https:\/\/ventspils.citro.lv\/ru\/veikals\/sokolades-batonins-snickers-50g\/","title":{"rendered":"\u0160okol\u0101des batoni\u0146\u0161 Snickers 50g"},"content":{"rendered":"<p>Piena \u0161ok.ar riekstu masas pild.14%, karame\u013cu masas pild.27%, zemesrieksti 24%. Sast\u0101vs: zemesrieksti, cukurs, glikoz.s\u012brups, augu-piena tauki, v\u0101jp.pulv., kakao, s\u016bkalu pulv., dab.vani\u013cas ekstrakts. Var satur\u0113t lazdu, mande\u013cu citus riekstus.<\/p>\n","protected":false},"excerpt":{"rendered":"<p>15.49 \u20ac\/kg<\/p>\n","protected":false},"featured_media":1258768,"template":"","meta":{"_acf_changed":false,"inline_featured_image":false},"product_cat":[556,125],"product_tag":[],"acf":[],"aioseo_notices":[],"_links":{"self":[{"href":"https:\/\/ventspils.citro.lv\/ru\/wp-json\/wp\/v2\/product\/43800"}],"collection":[{"href":"https:\/\/ventspils.citro.lv\/ru\/wp-json\/wp\/v2\/product"}],"about":[{"href":"https:\/\/ventspils.citro.lv\/ru\/wp-json\/wp\/v2\/types\/product"}],"wp:featuredmedia":[{"embeddable":true,"href":"https:\/\/ventspils.citro.lv\/ru\/wp-json\/wp\/v2\/media\/1258768"}],"wp:attachment":[{"href":"https:\/\/ventspils.citro.lv\/ru\/wp-json\/wp\/v2\/media?parent=43800"}],"wp:term":[{"taxonomy":"product_cat","embeddable":true,"href":"https:\/\/ventspils.citro.lv\/ru\/wp-json\/wp\/v2\/product_cat?post=43800"},{"taxonomy":"product_tag","embeddable":true,"href":"https:\/\/ventspils.citro.lv\/ru\/wp-json\/wp\/v2\/product_tag?post=43800"}],"curies":[{"name":"wp","href":"https:\/\/api.w.org\/{rel}","templated":true}]}}