{"id":43796,"date":"2026-04-17T00:54:51","date_gmt":"2026-04-16T21:54:51","guid":{"rendered":"https:\/\/ventspils.citro.lv\/veikals\/sokolades-batonins-kinder-bueno-chocolate-43g\/"},"modified":"2026-04-17T00:55:04","modified_gmt":"2026-04-16T21:55:04","slug":"sokolades-batonins-kinder-bueno-chocolate-43g","status":"publish","type":"product","link":"https:\/\/ventspils.citro.lv\/ru\/veikals\/sokolades-batonins-kinder-bueno-chocolate-43g\/","title":{"rendered":"\u0160okol\u0101des batoni\u0146\u0161 Kinder Bueno Chocolate 43g"},"content":{"rendered":"","protected":false},"excerpt":{"rendered":"<p>20.70 \u20ac\/kg<\/p>\n","protected":false},"featured_media":1246641,"template":"","meta":{"_acf_changed":false,"inline_featured_image":false},"product_cat":[556,125],"product_tag":[],"acf":[],"aioseo_notices":[],"_links":{"self":[{"href":"https:\/\/ventspils.citro.lv\/ru\/wp-json\/wp\/v2\/product\/43796"}],"collection":[{"href":"https:\/\/ventspils.citro.lv\/ru\/wp-json\/wp\/v2\/product"}],"about":[{"href":"https:\/\/ventspils.citro.lv\/ru\/wp-json\/wp\/v2\/types\/product"}],"wp:featuredmedia":[{"embeddable":true,"href":"https:\/\/ventspils.citro.lv\/ru\/wp-json\/wp\/v2\/media\/1246641"}],"wp:attachment":[{"href":"https:\/\/ventspils.citro.lv\/ru\/wp-json\/wp\/v2\/media?parent=43796"}],"wp:term":[{"taxonomy":"product_cat","embeddable":true,"href":"https:\/\/ventspils.citro.lv\/ru\/wp-json\/wp\/v2\/product_cat?post=43796"},{"taxonomy":"product_tag","embeddable":true,"href":"https:\/\/ventspils.citro.lv\/ru\/wp-json\/wp\/v2\/product_tag?post=43796"}],"curies":[{"name":"wp","href":"https:\/\/api.w.org\/{rel}","templated":true}]}}