{"id":43759,"date":"2026-03-28T02:06:02","date_gmt":"2026-03-28T00:06:02","guid":{"rendered":"https:\/\/ventspils.citro.lv\/veikals\/zupa-solanka-500g\/"},"modified":"2026-04-02T17:02:18","modified_gmt":"2026-04-02T14:02:18","slug":"zupa-solanka-citro-500g","status":"publish","type":"product","link":"https:\/\/ventspils.citro.lv\/ru\/veikals\/zupa-solanka-citro-500g\/","title":{"rendered":"Zupa So\u013canka Citro 500g"},"content":{"rendered":"<p>Sast\u0101vs:V\u0101r\u012bta desa, pus\u017e\u0101v\u0113ta desa, k\u016bpin\u0101ta ga\u013ca, marin\u0113ti gur\u0137i, kartupe\u013ci, \u016bdens, tom\u0101tu ke\u010dups, p\u0101rtikas s\u0101ls, cukurs, malti melnie pipari, \u0137iploki, ol\u012bves, citrons  .Uzglab\u0101t t virs +2- +6. Ra\u017eot\u0101js Sia Di\u0101na Bistro.<\/p>\n","protected":false},"excerpt":{"rendered":"<p>3.18 \u20ac\/gb<\/p>\n","protected":false},"featured_media":1237368,"template":"","meta":{"_acf_changed":false,"inline_featured_image":false},"product_cat":[113,222],"product_tag":[],"acf":[],"aioseo_notices":[],"_links":{"self":[{"href":"https:\/\/ventspils.citro.lv\/ru\/wp-json\/wp\/v2\/product\/43759"}],"collection":[{"href":"https:\/\/ventspils.citro.lv\/ru\/wp-json\/wp\/v2\/product"}],"about":[{"href":"https:\/\/ventspils.citro.lv\/ru\/wp-json\/wp\/v2\/types\/product"}],"wp:featuredmedia":[{"embeddable":true,"href":"https:\/\/ventspils.citro.lv\/ru\/wp-json\/wp\/v2\/media\/1237368"}],"wp:attachment":[{"href":"https:\/\/ventspils.citro.lv\/ru\/wp-json\/wp\/v2\/media?parent=43759"}],"wp:term":[{"taxonomy":"product_cat","embeddable":true,"href":"https:\/\/ventspils.citro.lv\/ru\/wp-json\/wp\/v2\/product_cat?post=43759"},{"taxonomy":"product_tag","embeddable":true,"href":"https:\/\/ventspils.citro.lv\/ru\/wp-json\/wp\/v2\/product_tag?post=43759"}],"curies":[{"name":"wp","href":"https:\/\/api.w.org\/{rel}","templated":true}]}}