{"id":435980,"date":"2026-04-24T09:27:35","date_gmt":"2026-04-24T06:27:35","guid":{"rendered":"https:\/\/ventspils.citro.lv\/veikals\/varita-doktordesa-populara-baltijas-davana-400g\/"},"modified":"2026-04-24T09:27:40","modified_gmt":"2026-04-24T06:27:40","slug":"varita-doktordesa-populara-baltijas-davana-400g","status":"publish","type":"product","link":"https:\/\/ventspils.citro.lv\/ru\/veikals\/varita-doktordesa-populara-baltijas-davana-400g\/","title":{"rendered":"V\u0101r\u012bta doktordesa Popul\u0101r\u0101  Baltijas D\u0101vana 400g"},"content":{"rendered":"","protected":false},"excerpt":{"rendered":"<p>4.23 \u20ac\/kg<\/p>\n","protected":false},"featured_media":1252835,"template":"","meta":{"_acf_changed":false,"inline_featured_image":false},"product_cat":[135,144],"product_tag":[],"acf":[],"aioseo_notices":[],"_links":{"self":[{"href":"https:\/\/ventspils.citro.lv\/ru\/wp-json\/wp\/v2\/product\/435980"}],"collection":[{"href":"https:\/\/ventspils.citro.lv\/ru\/wp-json\/wp\/v2\/product"}],"about":[{"href":"https:\/\/ventspils.citro.lv\/ru\/wp-json\/wp\/v2\/types\/product"}],"wp:featuredmedia":[{"embeddable":true,"href":"https:\/\/ventspils.citro.lv\/ru\/wp-json\/wp\/v2\/media\/1252835"}],"wp:attachment":[{"href":"https:\/\/ventspils.citro.lv\/ru\/wp-json\/wp\/v2\/media?parent=435980"}],"wp:term":[{"taxonomy":"product_cat","embeddable":true,"href":"https:\/\/ventspils.citro.lv\/ru\/wp-json\/wp\/v2\/product_cat?post=435980"},{"taxonomy":"product_tag","embeddable":true,"href":"https:\/\/ventspils.citro.lv\/ru\/wp-json\/wp\/v2\/product_tag?post=435980"}],"curies":[{"name":"wp","href":"https:\/\/api.w.org\/{rel}","templated":true}]}}