{"id":435974,"date":"2026-04-24T09:27:25","date_gmt":"2026-04-24T06:27:25","guid":{"rendered":"https:\/\/ventspils.citro.lv\/veikals\/biezenis-rudolfs-bio-abolubananuzemenu-ar-saldo-krej-110g\/"},"modified":"2026-04-24T09:27:34","modified_gmt":"2026-04-24T06:27:34","slug":"biezenis-rudolfs-bio-abolubananuzemenu-ar-saldo-krej-110g","status":"publish","type":"product","link":"https:\/\/ventspils.citro.lv\/ru\/veikals\/biezenis-rudolfs-bio-abolubananuzemenu-ar-saldo-krej-110g\/","title":{"rendered":"Biezenis R\u016bdolfs Bio \u0101bolu,ban\u0101nu,zeme\u0146u ar saldo kr\u0113j. 110g"},"content":{"rendered":"","protected":false},"excerpt":{"rendered":"<p>14.09 \u20ac\/kg<\/p>\n","protected":false},"featured_media":1252834,"template":"","meta":{"_acf_changed":false,"inline_featured_image":false},"product_cat":[172,173],"product_tag":[],"acf":[],"aioseo_notices":[],"_links":{"self":[{"href":"https:\/\/ventspils.citro.lv\/ru\/wp-json\/wp\/v2\/product\/435974"}],"collection":[{"href":"https:\/\/ventspils.citro.lv\/ru\/wp-json\/wp\/v2\/product"}],"about":[{"href":"https:\/\/ventspils.citro.lv\/ru\/wp-json\/wp\/v2\/types\/product"}],"wp:featuredmedia":[{"embeddable":true,"href":"https:\/\/ventspils.citro.lv\/ru\/wp-json\/wp\/v2\/media\/1252834"}],"wp:attachment":[{"href":"https:\/\/ventspils.citro.lv\/ru\/wp-json\/wp\/v2\/media?parent=435974"}],"wp:term":[{"taxonomy":"product_cat","embeddable":true,"href":"https:\/\/ventspils.citro.lv\/ru\/wp-json\/wp\/v2\/product_cat?post=435974"},{"taxonomy":"product_tag","embeddable":true,"href":"https:\/\/ventspils.citro.lv\/ru\/wp-json\/wp\/v2\/product_tag?post=435974"}],"curies":[{"name":"wp","href":"https:\/\/api.w.org\/{rel}","templated":true}]}}