{"id":43509,"date":"2026-04-24T04:40:15","date_gmt":"2026-04-24T01:40:15","guid":{"rendered":"https:\/\/ventspils.citro.lv\/veikals\/kafija-skistosa-aroma-gold-classic-100g-2\/"},"modified":"2026-04-24T04:40:20","modified_gmt":"2026-04-24T01:40:20","slug":"kafija-skistosa-aroma-gold-classic-100g","status":"publish","type":"product","link":"https:\/\/ventspils.citro.lv\/ru\/veikals\/kafija-skistosa-aroma-gold-classic-100g\/","title":{"rendered":"Kafija \u0161\u0137\u012bsto\u0161\u0101 Aroma Gold Classic 100g"},"content":{"rendered":"<p>100% \u0161\u0137\u012bsto\u0161a kafija<\/p>\n","protected":false},"excerpt":{"rendered":"<p>48.90 \u20ac\/kg<\/p>\n","protected":false},"featured_media":1251581,"template":"","meta":{"_acf_changed":false,"inline_featured_image":false},"product_cat":[538,142],"product_tag":[],"acf":[],"aioseo_notices":[],"_links":{"self":[{"href":"https:\/\/ventspils.citro.lv\/ru\/wp-json\/wp\/v2\/product\/43509"}],"collection":[{"href":"https:\/\/ventspils.citro.lv\/ru\/wp-json\/wp\/v2\/product"}],"about":[{"href":"https:\/\/ventspils.citro.lv\/ru\/wp-json\/wp\/v2\/types\/product"}],"wp:featuredmedia":[{"embeddable":true,"href":"https:\/\/ventspils.citro.lv\/ru\/wp-json\/wp\/v2\/media\/1251581"}],"wp:attachment":[{"href":"https:\/\/ventspils.citro.lv\/ru\/wp-json\/wp\/v2\/media?parent=43509"}],"wp:term":[{"taxonomy":"product_cat","embeddable":true,"href":"https:\/\/ventspils.citro.lv\/ru\/wp-json\/wp\/v2\/product_cat?post=43509"},{"taxonomy":"product_tag","embeddable":true,"href":"https:\/\/ventspils.citro.lv\/ru\/wp-json\/wp\/v2\/product_tag?post=43509"}],"curies":[{"name":"wp","href":"https:\/\/api.w.org\/{rel}","templated":true}]}}