{"id":432581,"date":"2026-02-24T02:15:27","date_gmt":"2026-02-24T00:15:27","guid":{"rendered":"https:\/\/ventspils.citro.lv\/veikals\/mikla-piparkuku-citro-500g\/"},"modified":"2026-02-24T02:15:38","modified_gmt":"2026-02-24T00:15:38","slug":"mikla-piparkuku-citro-500g","status":"publish","type":"product","link":"https:\/\/ventspils.citro.lv\/ru\/veikals\/mikla-piparkuku-citro-500g\/","title":{"rendered":"M\u012bkla pipark\u016bku Citro 500g"},"content":{"rendered":"<p>Sast\u0101vs:KVIE\u0160U MILTI, cukurs, MARGAR\u012aNS (Westfalia Goldblock), koriandrs, muskats, krustnagli\u0146a, melnie pipari, soda, kan\u0113lis, smar\u017e\u012bgie pipari, kardamons.Uzglab\u0101sanas tempr.+2+6.Ra\u017eot\u0101js Sia Di\u0101na Bistro<\/p>\n","protected":false},"excerpt":{"rendered":"<p>5.98 \u20ac\/kg<\/p>\n","protected":false},"featured_media":1213425,"template":"","meta":{"_acf_changed":false,"inline_featured_image":false},"product_cat":[531,113],"product_tag":[],"acf":[],"aioseo_notices":[],"_links":{"self":[{"href":"https:\/\/ventspils.citro.lv\/ru\/wp-json\/wp\/v2\/product\/432581"}],"collection":[{"href":"https:\/\/ventspils.citro.lv\/ru\/wp-json\/wp\/v2\/product"}],"about":[{"href":"https:\/\/ventspils.citro.lv\/ru\/wp-json\/wp\/v2\/types\/product"}],"wp:featuredmedia":[{"embeddable":true,"href":"https:\/\/ventspils.citro.lv\/ru\/wp-json\/wp\/v2\/media\/1213425"}],"wp:attachment":[{"href":"https:\/\/ventspils.citro.lv\/ru\/wp-json\/wp\/v2\/media?parent=432581"}],"wp:term":[{"taxonomy":"product_cat","embeddable":true,"href":"https:\/\/ventspils.citro.lv\/ru\/wp-json\/wp\/v2\/product_cat?post=432581"},{"taxonomy":"product_tag","embeddable":true,"href":"https:\/\/ventspils.citro.lv\/ru\/wp-json\/wp\/v2\/product_tag?post=432581"}],"curies":[{"name":"wp","href":"https:\/\/api.w.org\/{rel}","templated":true}]}}