{"id":43227,"date":"2026-04-28T03:33:26","date_gmt":"2026-04-28T00:33:26","guid":{"rendered":"https:\/\/ventspils.citro.lv\/veikals\/kausetais-siers-ar-krabju-garsas-nujinam-viola-185g\/"},"modified":"2026-04-28T03:33:41","modified_gmt":"2026-04-28T00:33:41","slug":"kausetais-siers-ar-krabju-garsas-nujinam-viola-185g","status":"publish","type":"product","link":"https:\/\/ventspils.citro.lv\/ru\/veikals\/kausetais-siers-ar-krabju-garsas-nujinam-viola-185g\/","title":{"rendered":"Kaus\u0113tais siers ar krabju gar\u0161as n\u016bji\u0146\u0101m Viola 185g"},"content":{"rendered":"","protected":false},"excerpt":{"rendered":"<p>10.22 \u20ac\/kg<\/p>\n","protected":false},"featured_media":1254356,"template":"","meta":{"_acf_changed":false,"inline_featured_image":false},"product_cat":[95,223],"product_tag":[],"acf":[],"aioseo_notices":[],"_links":{"self":[{"href":"https:\/\/ventspils.citro.lv\/ru\/wp-json\/wp\/v2\/product\/43227"}],"collection":[{"href":"https:\/\/ventspils.citro.lv\/ru\/wp-json\/wp\/v2\/product"}],"about":[{"href":"https:\/\/ventspils.citro.lv\/ru\/wp-json\/wp\/v2\/types\/product"}],"wp:featuredmedia":[{"embeddable":true,"href":"https:\/\/ventspils.citro.lv\/ru\/wp-json\/wp\/v2\/media\/1254356"}],"wp:attachment":[{"href":"https:\/\/ventspils.citro.lv\/ru\/wp-json\/wp\/v2\/media?parent=43227"}],"wp:term":[{"taxonomy":"product_cat","embeddable":true,"href":"https:\/\/ventspils.citro.lv\/ru\/wp-json\/wp\/v2\/product_cat?post=43227"},{"taxonomy":"product_tag","embeddable":true,"href":"https:\/\/ventspils.citro.lv\/ru\/wp-json\/wp\/v2\/product_tag?post=43227"}],"curies":[{"name":"wp","href":"https:\/\/api.w.org\/{rel}","templated":true}]}}