{"id":43055,"date":"2026-05-12T03:48:13","date_gmt":"2026-05-12T00:48:13","guid":{"rendered":"https:\/\/ventspils.citro.lv\/veikals\/sardeles-cukgalas-forevers\/"},"modified":"2026-05-12T03:48:17","modified_gmt":"2026-05-12T00:48:17","slug":"sardeles-cukgalas-forevers","status":"publish","type":"product","link":"https:\/\/ventspils.citro.lv\/ru\/veikals\/sardeles-cukgalas-forevers\/","title":{"rendered":"Sardeles c\u016bkga\u013cas Forevers"},"content":{"rendered":"<p>Sast\u0101vda\u013cas: c\u016bkga\u013ca 29%, \u016bdens, c\u016bku spe\u0137is, c\u0101\u013cu meh\u0101niski atdal\u012bta ga\u013ca, c\u016bku \u0101das, kartupe\u013cu ciete, s\u0101ls (konservants E250), piena s\u016bkalas stabiliz\u0113t\u0101ji E451, E412, gar\u0161as pastiprin\u0101t\u0101js E621, gar\u0161vielu ekstrakts, aromatiz\u0113t\u0101ji, antioksidants E316. Produkts var staur\u0113t sinepju un sojas da\u013ci\u0146as. C\u0101\u013ca meh\u0101niski atdal\u012btas ga\u013cas un c\u016bkga\u013cas izcelsme ES. 100g produkta satur: ener\u0123\u0113tisk\u0101 v\u0113rt\u012bba 1058kJ\/252kcl, tauki 21,7g, tostarp pies\u0101tin\u0101t\u0101s tauksk\u0101bes 7g, og\u013chidr\u0101ti 3,5g, tostarp cukuri 0,5g, olbaltumvielas 10,7g, s\u0101ls 1,15g. Uzglab\u0101\u0161anas temperat\u016bra: +2&#8230;+6C.<\/p>\n","protected":false},"excerpt":{"rendered":"<p>5.59 \u20ac\/kg<\/p>\n","protected":false},"featured_media":1258669,"template":"","meta":{"_acf_changed":false,"inline_featured_image":false},"product_cat":[135,192],"product_tag":[],"acf":[],"aioseo_notices":[],"_links":{"self":[{"href":"https:\/\/ventspils.citro.lv\/ru\/wp-json\/wp\/v2\/product\/43055"}],"collection":[{"href":"https:\/\/ventspils.citro.lv\/ru\/wp-json\/wp\/v2\/product"}],"about":[{"href":"https:\/\/ventspils.citro.lv\/ru\/wp-json\/wp\/v2\/types\/product"}],"wp:featuredmedia":[{"embeddable":true,"href":"https:\/\/ventspils.citro.lv\/ru\/wp-json\/wp\/v2\/media\/1258669"}],"wp:attachment":[{"href":"https:\/\/ventspils.citro.lv\/ru\/wp-json\/wp\/v2\/media?parent=43055"}],"wp:term":[{"taxonomy":"product_cat","embeddable":true,"href":"https:\/\/ventspils.citro.lv\/ru\/wp-json\/wp\/v2\/product_cat?post=43055"},{"taxonomy":"product_tag","embeddable":true,"href":"https:\/\/ventspils.citro.lv\/ru\/wp-json\/wp\/v2\/product_tag?post=43055"}],"curies":[{"name":"wp","href":"https:\/\/api.w.org\/{rel}","templated":true}]}}