{"id":43025,"date":"2026-04-24T03:33:05","date_gmt":"2026-04-24T00:33:05","guid":{"rendered":"https:\/\/ventspils.citro.lv\/veikals\/cisini-bernu-a-l-dab-apv\/"},"modified":"2026-04-24T03:33:19","modified_gmt":"2026-04-24T00:33:19","slug":"cisini-bernu-a-l-dab-apv","status":"publish","type":"product","link":"https:\/\/ventspils.citro.lv\/ru\/veikals\/cisini-bernu-a-l-dab-apv\/","title":{"rendered":"C\u012bsi\u0146i B\u0113rnu a\/l dab.apv"},"content":{"rendered":"<p>Sast\u0101vda\u013cas: c\u0101\u013ca meh\u0101niski atdal\u012bta ga\u013ca, \u016bdens, c\u016bku spe\u0137is, c\u0101\u013cu \u0101das c\u016bkga\u013ca, modific\u0113t\u0101 ciete, s\u0101ls, konservants E250, piena s\u016bkalas, sojas olbaltumvielas, stabiliz\u0113t\u0101ji E451, E412, dekstroze, gar\u0161as pastiprin\u0101t\u0101js E621, gar\u0161vielu ekstrakts, antioksidants E316. Produkts var satur\u0113t sinepju da\u013ci\u0146as. C\u0101\u013ca meh\u0101niski atdal\u012btas ga\u013cas izcelsme ES. 100g produkta satur: ener\u0123\u0113tisk\u0101 v\u0113rt\u012bba 1168kJ\/278kcal, tauki 25g, tostarp pies\u0101tin\u0101t\u0101s tauksk\u0101bes 8g, og\u013chidr\u0101ti 4,2g, tostarp cukuri 0,1g, olbaltumvielas 10,5g, s\u0101ls 1,6g.<\/p>\n","protected":false},"excerpt":{"rendered":"<p>7.99 \u20ac\/kg<\/p>\n","protected":false},"featured_media":1251309,"template":"","meta":{"_acf_changed":false,"inline_featured_image":false},"product_cat":[135,192],"product_tag":[],"acf":[],"aioseo_notices":[],"_links":{"self":[{"href":"https:\/\/ventspils.citro.lv\/ru\/wp-json\/wp\/v2\/product\/43025"}],"collection":[{"href":"https:\/\/ventspils.citro.lv\/ru\/wp-json\/wp\/v2\/product"}],"about":[{"href":"https:\/\/ventspils.citro.lv\/ru\/wp-json\/wp\/v2\/types\/product"}],"wp:featuredmedia":[{"embeddable":true,"href":"https:\/\/ventspils.citro.lv\/ru\/wp-json\/wp\/v2\/media\/1251309"}],"wp:attachment":[{"href":"https:\/\/ventspils.citro.lv\/ru\/wp-json\/wp\/v2\/media?parent=43025"}],"wp:term":[{"taxonomy":"product_cat","embeddable":true,"href":"https:\/\/ventspils.citro.lv\/ru\/wp-json\/wp\/v2\/product_cat?post=43025"},{"taxonomy":"product_tag","embeddable":true,"href":"https:\/\/ventspils.citro.lv\/ru\/wp-json\/wp\/v2\/product_tag?post=43025"}],"curies":[{"name":"wp","href":"https:\/\/api.w.org\/{rel}","templated":true}]}}