{"id":42655,"date":"2026-01-14T03:33:14","date_gmt":"2026-01-14T01:33:14","guid":{"rendered":"https:\/\/ventspils.citro.lv\/veikals\/darzenu-maisijums-eiropas-saldets\/"},"modified":"2026-02-09T17:56:20","modified_gmt":"2026-02-09T15:56:20","slug":"darzenu-maisijums-eiropas-saldets","status":"publish","type":"product","link":"https:\/\/ventspils.citro.lv\/ru\/veikals\/darzenu-maisijums-eiropas-saldets\/","title":{"rendered":"D\u0101rze\u0146u mais\u012bjums Eiropas sald\u0113ts"},"content":{"rendered":"<p>Sast\u0101vs:Dzelteni burk\u0101ni ripi\u0146\u0101s 25%, burk\u0101ni ripi\u0146\u0101s 25%, Romie\u0161u pupi\u0146as 25%, broko\u013ci 25%. P\u0113c atlaidin\u0101\u0161anas atk\u0101rtoti nesasald\u0113t! Uzglab\u0101\u0161ana: ledusskap\u012b : vienu dienu, *(-6C): l\u012bdz 1 ned\u0113\u013cai, ***(-18C).<\/p>\n","protected":false},"excerpt":{"rendered":"<p>2.49 \u20ac\/kg<\/p>\n","protected":false},"featured_media":1192143,"template":"","meta":{"_acf_changed":false,"inline_featured_image":false},"product_cat":[569,231],"product_tag":[],"acf":[],"aioseo_notices":[],"_links":{"self":[{"href":"https:\/\/ventspils.citro.lv\/ru\/wp-json\/wp\/v2\/product\/42655"}],"collection":[{"href":"https:\/\/ventspils.citro.lv\/ru\/wp-json\/wp\/v2\/product"}],"about":[{"href":"https:\/\/ventspils.citro.lv\/ru\/wp-json\/wp\/v2\/types\/product"}],"wp:featuredmedia":[{"embeddable":true,"href":"https:\/\/ventspils.citro.lv\/ru\/wp-json\/wp\/v2\/media\/1192143"}],"wp:attachment":[{"href":"https:\/\/ventspils.citro.lv\/ru\/wp-json\/wp\/v2\/media?parent=42655"}],"wp:term":[{"taxonomy":"product_cat","embeddable":true,"href":"https:\/\/ventspils.citro.lv\/ru\/wp-json\/wp\/v2\/product_cat?post=42655"},{"taxonomy":"product_tag","embeddable":true,"href":"https:\/\/ventspils.citro.lv\/ru\/wp-json\/wp\/v2\/product_tag?post=42655"}],"curies":[{"name":"wp","href":"https:\/\/api.w.org\/{rel}","templated":true}]}}