{"id":426153,"date":"2025-02-03T00:39:58","date_gmt":"2025-02-02T22:39:58","guid":{"rendered":"https:\/\/ventspils.citro.lv\/veikals\/ziemassvetku-koka-uzlimites-12gb-2\/"},"modified":"2025-02-03T00:40:00","modified_gmt":"2025-02-02T22:40:00","slug":"ziemassvetku-koka-uzlimites-12gb-2","status":"publish","type":"product","link":"https:\/\/ventspils.citro.lv\/ru\/veikals\/ziemassvetku-koka-uzlimites-12gb-2\/","title":{"rendered":"Ziemassv\u0113tku koka uzl\u012bm\u012btes 12gb"},"content":{"rendered":"","protected":false},"excerpt":{"rendered":"<p>0.17 \u20ac\/gb<\/p>\n","protected":false},"featured_media":994997,"template":"","meta":{"_acf_changed":false,"inline_featured_image":false},"product_cat":[534,131],"product_tag":[],"acf":[],"aioseo_notices":[],"_links":{"self":[{"href":"https:\/\/ventspils.citro.lv\/ru\/wp-json\/wp\/v2\/product\/426153"}],"collection":[{"href":"https:\/\/ventspils.citro.lv\/ru\/wp-json\/wp\/v2\/product"}],"about":[{"href":"https:\/\/ventspils.citro.lv\/ru\/wp-json\/wp\/v2\/types\/product"}],"wp:featuredmedia":[{"embeddable":true,"href":"https:\/\/ventspils.citro.lv\/ru\/wp-json\/wp\/v2\/media\/994997"}],"wp:attachment":[{"href":"https:\/\/ventspils.citro.lv\/ru\/wp-json\/wp\/v2\/media?parent=426153"}],"wp:term":[{"taxonomy":"product_cat","embeddable":true,"href":"https:\/\/ventspils.citro.lv\/ru\/wp-json\/wp\/v2\/product_cat?post=426153"},{"taxonomy":"product_tag","embeddable":true,"href":"https:\/\/ventspils.citro.lv\/ru\/wp-json\/wp\/v2\/product_tag?post=426153"}],"curies":[{"name":"wp","href":"https:\/\/api.w.org\/{rel}","templated":true}]}}