{"id":426139,"date":"2025-01-03T05:03:23","date_gmt":"2025-01-03T03:03:23","guid":{"rendered":"https:\/\/ventspils.citro.lv\/veikals\/ziemassvetku-koka-uzlimites-12gb\/"},"modified":"2025-01-03T05:03:26","modified_gmt":"2025-01-03T03:03:26","slug":"ziemassvetku-koka-uzlimites-12gb","status":"publish","type":"product","link":"https:\/\/ventspils.citro.lv\/ru\/veikals\/ziemassvetku-koka-uzlimites-12gb\/","title":{"rendered":"Ziemassv\u0113tku koka uzl\u012bm\u012btes 12gb"},"content":{"rendered":"","protected":false},"excerpt":{"rendered":"<p>2.19 \u20ac\/gb<\/p>\n","protected":false},"featured_media":973191,"template":"","meta":{"_acf_changed":false,"inline_featured_image":false},"product_cat":[534,131],"product_tag":[],"acf":[],"aioseo_notices":[],"_links":{"self":[{"href":"https:\/\/ventspils.citro.lv\/ru\/wp-json\/wp\/v2\/product\/426139"}],"collection":[{"href":"https:\/\/ventspils.citro.lv\/ru\/wp-json\/wp\/v2\/product"}],"about":[{"href":"https:\/\/ventspils.citro.lv\/ru\/wp-json\/wp\/v2\/types\/product"}],"wp:featuredmedia":[{"embeddable":true,"href":"https:\/\/ventspils.citro.lv\/ru\/wp-json\/wp\/v2\/media\/973191"}],"wp:attachment":[{"href":"https:\/\/ventspils.citro.lv\/ru\/wp-json\/wp\/v2\/media?parent=426139"}],"wp:term":[{"taxonomy":"product_cat","embeddable":true,"href":"https:\/\/ventspils.citro.lv\/ru\/wp-json\/wp\/v2\/product_cat?post=426139"},{"taxonomy":"product_tag","embeddable":true,"href":"https:\/\/ventspils.citro.lv\/ru\/wp-json\/wp\/v2\/product_tag?post=426139"}],"curies":[{"name":"wp","href":"https:\/\/api.w.org\/{rel}","templated":true}]}}