{"id":426029,"date":"2026-03-05T02:09:26","date_gmt":"2026-03-05T00:09:26","guid":{"rendered":"https:\/\/ventspils.citro.lv\/veikals\/aizdedzinasanas-klucisi-bruni-64gb\/"},"modified":"2026-05-02T11:59:27","modified_gmt":"2026-05-02T08:59:27","slug":"aizdedzinasanas-klucisi-bruni-64gb","status":"publish","type":"product","link":"https:\/\/ventspils.citro.lv\/ru\/veikals\/aizdedzinasanas-klucisi-bruni-64gb\/","title":{"rendered":"Aizdedzin\u0101\u0161anas kluc\u012b\u0161i br\u016bni 64gb"},"content":{"rendered":"","protected":false},"excerpt":{"rendered":"<p>0.04 \u20ac\/gb<\/p>\n","protected":false},"featured_media":1221722,"template":"","meta":{"_acf_changed":false,"inline_featured_image":false},"product_cat":[131,183],"product_tag":[],"acf":[],"aioseo_notices":[],"_links":{"self":[{"href":"https:\/\/ventspils.citro.lv\/ru\/wp-json\/wp\/v2\/product\/426029"}],"collection":[{"href":"https:\/\/ventspils.citro.lv\/ru\/wp-json\/wp\/v2\/product"}],"about":[{"href":"https:\/\/ventspils.citro.lv\/ru\/wp-json\/wp\/v2\/types\/product"}],"wp:featuredmedia":[{"embeddable":true,"href":"https:\/\/ventspils.citro.lv\/ru\/wp-json\/wp\/v2\/media\/1221722"}],"wp:attachment":[{"href":"https:\/\/ventspils.citro.lv\/ru\/wp-json\/wp\/v2\/media?parent=426029"}],"wp:term":[{"taxonomy":"product_cat","embeddable":true,"href":"https:\/\/ventspils.citro.lv\/ru\/wp-json\/wp\/v2\/product_cat?post=426029"},{"taxonomy":"product_tag","embeddable":true,"href":"https:\/\/ventspils.citro.lv\/ru\/wp-json\/wp\/v2\/product_tag?post=426029"}],"curies":[{"name":"wp","href":"https:\/\/api.w.org\/{rel}","templated":true}]}}