{"id":425967,"date":"2026-03-18T04:39:03","date_gmt":"2026-03-18T02:39:03","guid":{"rendered":"https:\/\/ventspils.citro.lv\/veikals\/teja-lipton-avenu-pluskoks-20tm-32g\/"},"modified":"2026-03-18T04:39:13","modified_gmt":"2026-03-18T02:39:13","slug":"teja-lipton-avenu-pluskoks-20tm-32g","status":"publish","type":"product","link":"https:\/\/ventspils.citro.lv\/ru\/veikals\/teja-lipton-avenu-pluskoks-20tm-32g\/","title":{"rendered":"T\u0113ja Lipton ave\u0146u pl\u016b\u0161koks 20TM 32g"},"content":{"rendered":"","protected":false},"excerpt":{"rendered":"<p>90.31 \u20ac\/kg<\/p>\n","protected":false},"featured_media":1228431,"template":"","meta":{"_acf_changed":false,"inline_featured_image":false},"product_cat":[142,143],"product_tag":[],"acf":[],"aioseo_notices":[],"_links":{"self":[{"href":"https:\/\/ventspils.citro.lv\/ru\/wp-json\/wp\/v2\/product\/425967"}],"collection":[{"href":"https:\/\/ventspils.citro.lv\/ru\/wp-json\/wp\/v2\/product"}],"about":[{"href":"https:\/\/ventspils.citro.lv\/ru\/wp-json\/wp\/v2\/types\/product"}],"wp:featuredmedia":[{"embeddable":true,"href":"https:\/\/ventspils.citro.lv\/ru\/wp-json\/wp\/v2\/media\/1228431"}],"wp:attachment":[{"href":"https:\/\/ventspils.citro.lv\/ru\/wp-json\/wp\/v2\/media?parent=425967"}],"wp:term":[{"taxonomy":"product_cat","embeddable":true,"href":"https:\/\/ventspils.citro.lv\/ru\/wp-json\/wp\/v2\/product_cat?post=425967"},{"taxonomy":"product_tag","embeddable":true,"href":"https:\/\/ventspils.citro.lv\/ru\/wp-json\/wp\/v2\/product_tag?post=425967"}],"curies":[{"name":"wp","href":"https:\/\/api.w.org\/{rel}","templated":true}]}}