{"id":425954,"date":"2026-02-13T08:03:34","date_gmt":"2026-02-13T06:03:34","guid":{"rendered":"https:\/\/ventspils.citro.lv\/veikals\/silku-filejas-gabalini-ella-matje-300g-210g\/"},"modified":"2026-02-13T08:03:44","modified_gmt":"2026-02-13T06:03:44","slug":"silku-filejas-gabalini-ella-matje-300g-210g","status":"publish","type":"product","link":"https:\/\/ventspils.citro.lv\/ru\/veikals\/silku-filejas-gabalini-ella-matje-300g-210g\/","title":{"rendered":"Si\u013c\u0137u filejas gabali\u0146i e\u013c\u013c\u0101 MATJE 300g\/210g"},"content":{"rendered":"","protected":false},"excerpt":{"rendered":"<p>13.29 \u20ac\/kg<\/p>\n","protected":false},"featured_media":1208953,"template":"","meta":{"_acf_changed":false,"inline_featured_image":false},"product_cat":[545,135],"product_tag":[],"acf":[],"aioseo_notices":[],"_links":{"self":[{"href":"https:\/\/ventspils.citro.lv\/ru\/wp-json\/wp\/v2\/product\/425954"}],"collection":[{"href":"https:\/\/ventspils.citro.lv\/ru\/wp-json\/wp\/v2\/product"}],"about":[{"href":"https:\/\/ventspils.citro.lv\/ru\/wp-json\/wp\/v2\/types\/product"}],"wp:featuredmedia":[{"embeddable":true,"href":"https:\/\/ventspils.citro.lv\/ru\/wp-json\/wp\/v2\/media\/1208953"}],"wp:attachment":[{"href":"https:\/\/ventspils.citro.lv\/ru\/wp-json\/wp\/v2\/media?parent=425954"}],"wp:term":[{"taxonomy":"product_cat","embeddable":true,"href":"https:\/\/ventspils.citro.lv\/ru\/wp-json\/wp\/v2\/product_cat?post=425954"},{"taxonomy":"product_tag","embeddable":true,"href":"https:\/\/ventspils.citro.lv\/ru\/wp-json\/wp\/v2\/product_tag?post=425954"}],"curies":[{"name":"wp","href":"https:\/\/api.w.org\/{rel}","templated":true}]}}