{"id":425505,"date":"2026-02-24T01:51:57","date_gmt":"2026-02-23T23:51:57","guid":{"rendered":"https:\/\/ventspils.citro.lv\/veikals\/sviestmaize-ar-vistas-girosu-un-marinetu-papriku-180g\/"},"modified":"2026-02-24T01:52:10","modified_gmt":"2026-02-23T23:52:10","slug":"sviestmaize-ar-vistas-girosu-un-marinetu-papriku-180g","status":"publish","type":"product","link":"https:\/\/ventspils.citro.lv\/ru\/veikals\/sviestmaize-ar-vistas-girosu-un-marinetu-papriku-180g\/","title":{"rendered":"Sviestmaize ar vistas girosu un marin\u0113tu papriku 180g"},"content":{"rendered":"<p>Ra\u017eot\u0101js: SIA Di\u0101na Bistro<\/p>\n","protected":false},"excerpt":{"rendered":"<p>13.06 \u20ac\/kg<\/p>\n","protected":false},"featured_media":1213337,"template":"","meta":{"_acf_changed":false,"inline_featured_image":false},"product_cat":[113,222],"product_tag":[],"acf":[],"aioseo_notices":[],"_links":{"self":[{"href":"https:\/\/ventspils.citro.lv\/ru\/wp-json\/wp\/v2\/product\/425505"}],"collection":[{"href":"https:\/\/ventspils.citro.lv\/ru\/wp-json\/wp\/v2\/product"}],"about":[{"href":"https:\/\/ventspils.citro.lv\/ru\/wp-json\/wp\/v2\/types\/product"}],"wp:featuredmedia":[{"embeddable":true,"href":"https:\/\/ventspils.citro.lv\/ru\/wp-json\/wp\/v2\/media\/1213337"}],"wp:attachment":[{"href":"https:\/\/ventspils.citro.lv\/ru\/wp-json\/wp\/v2\/media?parent=425505"}],"wp:term":[{"taxonomy":"product_cat","embeddable":true,"href":"https:\/\/ventspils.citro.lv\/ru\/wp-json\/wp\/v2\/product_cat?post=425505"},{"taxonomy":"product_tag","embeddable":true,"href":"https:\/\/ventspils.citro.lv\/ru\/wp-json\/wp\/v2\/product_tag?post=425505"}],"curies":[{"name":"wp","href":"https:\/\/api.w.org\/{rel}","templated":true}]}}