{"id":425487,"date":"2026-04-10T05:33:14","date_gmt":"2026-04-10T02:33:14","guid":{"rendered":"https:\/\/ventspils.citro.lv\/veikals\/pupinas-meksikanu-gaume-560g\/"},"modified":"2026-04-10T05:33:24","modified_gmt":"2026-04-10T02:33:24","slug":"pupinas-meksikanu-gaume-560g","status":"publish","type":"product","link":"https:\/\/ventspils.citro.lv\/ru\/veikals\/pupinas-meksikanu-gaume-560g\/","title":{"rendered":"Pupi\u0146as meksik\u0101\u0146u gaum\u0113 560g"},"content":{"rendered":"","protected":false},"excerpt":{"rendered":"<p>5.16 \u20ac\/kg<\/p>\n","protected":false},"featured_media":1243133,"template":"","meta":{"_acf_changed":false,"inline_featured_image":false},"product_cat":[103,137],"product_tag":[],"acf":[],"aioseo_notices":[],"_links":{"self":[{"href":"https:\/\/ventspils.citro.lv\/ru\/wp-json\/wp\/v2\/product\/425487"}],"collection":[{"href":"https:\/\/ventspils.citro.lv\/ru\/wp-json\/wp\/v2\/product"}],"about":[{"href":"https:\/\/ventspils.citro.lv\/ru\/wp-json\/wp\/v2\/types\/product"}],"wp:featuredmedia":[{"embeddable":true,"href":"https:\/\/ventspils.citro.lv\/ru\/wp-json\/wp\/v2\/media\/1243133"}],"wp:attachment":[{"href":"https:\/\/ventspils.citro.lv\/ru\/wp-json\/wp\/v2\/media?parent=425487"}],"wp:term":[{"taxonomy":"product_cat","embeddable":true,"href":"https:\/\/ventspils.citro.lv\/ru\/wp-json\/wp\/v2\/product_cat?post=425487"},{"taxonomy":"product_tag","embeddable":true,"href":"https:\/\/ventspils.citro.lv\/ru\/wp-json\/wp\/v2\/product_tag?post=425487"}],"curies":[{"name":"wp","href":"https:\/\/api.w.org\/{rel}","templated":true}]}}