{"id":42253,"date":"2026-04-03T01:12:51","date_gmt":"2026-04-02T22:12:51","guid":{"rendered":"https:\/\/ventspils.citro.lv\/veikals\/belass\/"},"modified":"2026-04-03T10:17:57","modified_gmt":"2026-04-03T07:17:57","slug":"belass","status":"publish","type":"product","link":"https:\/\/ventspils.citro.lv\/ru\/veikals\/belass\/","title":{"rendered":"Bela\u0161s"},"content":{"rendered":"<p>Sast\u0101vda\u013cas: m\u012bkla (KVIE\u0160U milti, \u016bdens, e\u013c\u013ca, cukurs, KEF\u012aRS ( PIENS, ieraugs , D vitam\u012bns),  raugs pres\u0113tais, p\u0101rtikas s\u0101ls), c\u016bkga\u013ca (26%),  s\u012bpoli, e\u013c\u013ca, p\u0101rtikas s\u0101ls, melnie pipari. 100 g produkta satur : ener\u0123\u0113tisk\u0101 v\u0113rt\u012bba: 1119 KJ\/267 kcal,  tauki 13 g, tostarp pies\u0101t. tauksk\u0101bes 2 g, og\u013chidr\u0101ti 26 g, tostarp cukurs 3 g, \u0161\u0137iedrvielas 1,7 g, olbaltumvielas 11 g, s\u0101ls 1,3 g. Uzglab.temp.: istabas temperat\u016br\u0101. Izlietot l\u012bdz: nor\u0101d\u012bts uz iepakojuma. Ra\u017eot\u0101js: SIA Di\u0101na Bistro, Andreja iela 5, Ventspils.Latvija.<\/p>\n","protected":false},"excerpt":{"rendered":"<p>5.90 \u20ac\/kg<\/p>\n","protected":false},"featured_media":1239445,"template":"","meta":{"_acf_changed":false,"inline_featured_image":false},"product_cat":[109,110],"product_tag":[],"acf":[],"aioseo_notices":[],"_links":{"self":[{"href":"https:\/\/ventspils.citro.lv\/ru\/wp-json\/wp\/v2\/product\/42253"}],"collection":[{"href":"https:\/\/ventspils.citro.lv\/ru\/wp-json\/wp\/v2\/product"}],"about":[{"href":"https:\/\/ventspils.citro.lv\/ru\/wp-json\/wp\/v2\/types\/product"}],"wp:featuredmedia":[{"embeddable":true,"href":"https:\/\/ventspils.citro.lv\/ru\/wp-json\/wp\/v2\/media\/1239445"}],"wp:attachment":[{"href":"https:\/\/ventspils.citro.lv\/ru\/wp-json\/wp\/v2\/media?parent=42253"}],"wp:term":[{"taxonomy":"product_cat","embeddable":true,"href":"https:\/\/ventspils.citro.lv\/ru\/wp-json\/wp\/v2\/product_cat?post=42253"},{"taxonomy":"product_tag","embeddable":true,"href":"https:\/\/ventspils.citro.lv\/ru\/wp-json\/wp\/v2\/product_tag?post=42253"}],"curies":[{"name":"wp","href":"https:\/\/api.w.org\/{rel}","templated":true}]}}