{"id":42073,"date":"2025-10-28T06:36:02","date_gmt":"2025-10-28T04:36:02","guid":{"rendered":"https:\/\/ventspils.citro.lv\/veikals\/cipsi-estrella-ar-juras-sali-kettle-120g\/"},"modified":"2025-10-28T06:36:14","modified_gmt":"2025-10-28T04:36:14","slug":"cipsi-estrella-ar-juras-sali-kettle-120g","status":"publish","type":"product","link":"https:\/\/ventspils.citro.lv\/ru\/veikals\/cipsi-estrella-ar-juras-sali-kettle-120g\/","title":{"rendered":"\u010cipsi Estrella ar j\u016bras s\u0101li Kettle 120g"},"content":{"rendered":"","protected":false},"excerpt":{"rendered":"<p>9.08 \u20ac\/kg<\/p>\n","protected":false},"featured_media":1148102,"template":"","meta":{"_acf_changed":false,"inline_featured_image":false},"product_cat":[125,191],"product_tag":[],"acf":[],"aioseo_notices":[],"_links":{"self":[{"href":"https:\/\/ventspils.citro.lv\/ru\/wp-json\/wp\/v2\/product\/42073"}],"collection":[{"href":"https:\/\/ventspils.citro.lv\/ru\/wp-json\/wp\/v2\/product"}],"about":[{"href":"https:\/\/ventspils.citro.lv\/ru\/wp-json\/wp\/v2\/types\/product"}],"wp:featuredmedia":[{"embeddable":true,"href":"https:\/\/ventspils.citro.lv\/ru\/wp-json\/wp\/v2\/media\/1148102"}],"wp:attachment":[{"href":"https:\/\/ventspils.citro.lv\/ru\/wp-json\/wp\/v2\/media?parent=42073"}],"wp:term":[{"taxonomy":"product_cat","embeddable":true,"href":"https:\/\/ventspils.citro.lv\/ru\/wp-json\/wp\/v2\/product_cat?post=42073"},{"taxonomy":"product_tag","embeddable":true,"href":"https:\/\/ventspils.citro.lv\/ru\/wp-json\/wp\/v2\/product_tag?post=42073"}],"curies":[{"name":"wp","href":"https:\/\/api.w.org\/{rel}","templated":true}]}}