{"id":41777,"date":"2026-03-24T01:06:17","date_gmt":"2026-03-23T23:06:17","guid":{"rendered":"https:\/\/ventspils.citro.lv\/veikals\/teja-loyd-pyramids-ar-zemenu-rabarberu-garsu-20gb-40g\/"},"modified":"2026-03-24T01:06:25","modified_gmt":"2026-03-23T23:06:25","slug":"teja-loyd-pyramids-ar-zemenu-rabarberu-garsu-20gb-40g","status":"publish","type":"product","link":"https:\/\/ventspils.citro.lv\/ru\/veikals\/teja-loyd-pyramids-ar-zemenu-rabarberu-garsu-20gb-40g\/","title":{"rendered":"T\u0113ja Loyd Pyramids ar zeme\u0146u, rabarberu gar\u0161u 20gb, 40g"},"content":{"rendered":"","protected":false},"excerpt":{"rendered":"<p>74.75 \u20ac\/kg<\/p>\n","protected":false},"featured_media":1231047,"template":"","meta":{"_acf_changed":false,"inline_featured_image":false},"product_cat":[142,143],"product_tag":[],"acf":[],"aioseo_notices":[],"_links":{"self":[{"href":"https:\/\/ventspils.citro.lv\/ru\/wp-json\/wp\/v2\/product\/41777"}],"collection":[{"href":"https:\/\/ventspils.citro.lv\/ru\/wp-json\/wp\/v2\/product"}],"about":[{"href":"https:\/\/ventspils.citro.lv\/ru\/wp-json\/wp\/v2\/types\/product"}],"wp:featuredmedia":[{"embeddable":true,"href":"https:\/\/ventspils.citro.lv\/ru\/wp-json\/wp\/v2\/media\/1231047"}],"wp:attachment":[{"href":"https:\/\/ventspils.citro.lv\/ru\/wp-json\/wp\/v2\/media?parent=41777"}],"wp:term":[{"taxonomy":"product_cat","embeddable":true,"href":"https:\/\/ventspils.citro.lv\/ru\/wp-json\/wp\/v2\/product_cat?post=41777"},{"taxonomy":"product_tag","embeddable":true,"href":"https:\/\/ventspils.citro.lv\/ru\/wp-json\/wp\/v2\/product_tag?post=41777"}],"curies":[{"name":"wp","href":"https:\/\/api.w.org\/{rel}","templated":true}]}}