{"id":41772,"date":"2026-04-24T05:33:15","date_gmt":"2026-04-24T02:33:15","guid":{"rendered":"https:\/\/ventspils.citro.lv\/veikals\/siers-gouda-skeles-150g\/"},"modified":"2026-04-24T05:33:24","modified_gmt":"2026-04-24T02:33:24","slug":"siers-gouda-skeles-jaunpils-150g","status":"publish","type":"product","link":"https:\/\/ventspils.citro.lv\/ru\/veikals\/siers-gouda-skeles-jaunpils-150g\/","title":{"rendered":"Siers Gouda \u0161\u0137\u0113l\u0113s Jaunpils 150g"},"content":{"rendered":"","protected":false},"excerpt":{"rendered":"<p>13.00 \u20ac\/kg<\/p>\n","protected":false},"featured_media":1251782,"template":"","meta":{"_acf_changed":false,"inline_featured_image":false},"product_cat":[95,224],"product_tag":[],"acf":[],"aioseo_notices":[],"_links":{"self":[{"href":"https:\/\/ventspils.citro.lv\/ru\/wp-json\/wp\/v2\/product\/41772"}],"collection":[{"href":"https:\/\/ventspils.citro.lv\/ru\/wp-json\/wp\/v2\/product"}],"about":[{"href":"https:\/\/ventspils.citro.lv\/ru\/wp-json\/wp\/v2\/types\/product"}],"wp:featuredmedia":[{"embeddable":true,"href":"https:\/\/ventspils.citro.lv\/ru\/wp-json\/wp\/v2\/media\/1251782"}],"wp:attachment":[{"href":"https:\/\/ventspils.citro.lv\/ru\/wp-json\/wp\/v2\/media?parent=41772"}],"wp:term":[{"taxonomy":"product_cat","embeddable":true,"href":"https:\/\/ventspils.citro.lv\/ru\/wp-json\/wp\/v2\/product_cat?post=41772"},{"taxonomy":"product_tag","embeddable":true,"href":"https:\/\/ventspils.citro.lv\/ru\/wp-json\/wp\/v2\/product_tag?post=41772"}],"curies":[{"name":"wp","href":"https:\/\/api.w.org\/{rel}","templated":true}]}}