{"id":417445,"date":"2026-01-28T22:30:40","date_gmt":"2026-01-28T20:30:40","guid":{"rendered":"https:\/\/ventspils.citro.lv\/veikals\/maizite-satiga-citro\/"},"modified":"2026-03-19T12:35:16","modified_gmt":"2026-03-19T10:35:16","slug":"maizite-satiga-citro","status":"publish","type":"product","link":"https:\/\/ventspils.citro.lv\/ru\/veikals\/maizite-satiga-citro\/","title":{"rendered":"Maiz\u012bte S\u0101t\u012bg\u0101  Citro"},"content":{"rendered":"<p>Sast\u0101vda\u013cas: m\u012bkla (KVIE\u0160U milti, margar\u012bns (augu tauki (palmu, kokosa), rap\u0161u e\u013c\u013ca, emulgators E471, sk\u0101buma regul\u0113t\u0101js E330, dab\u012bgs aromatiz\u0113t\u0101js, p\u0101rtikas kr\u0101sviela E160a), \u016bdens, raugs, cukurs, p\u0101rtikas s\u0101ls), \u017e\u0101v\u0113ta ga\u013ca (c\u016bkga\u013ca 80 %, konservants E250, stabiliz\u0113t\u0101ji E451, E407, E425,E415, kartupe\u013cu ciete, augu \u0161\u0137iedrvielas, gar\u0161vielas, dekstroze antioksidants E316, modific\u0113ta kukur\u016bzas ciete, aromatiz\u0113t\u0101js ), siera  izstr\u0101d\u0101jums (pasteriz\u0113ts PIENS, augu tauki (palmu)24%, konservants E252, siera ieraugs, renins, p\u0101rtikas kr\u0101sviela-beta karot\u012bns), marin\u0113ta paprika (sarkan\u0101s paprikas str\u0113meles, eti\u0137is, stabilizators:E509, saldin\u0101t\u0101js :E954), marin\u0113ti gur\u0137i (gur\u0137i, v\u012bna eti\u0137is,  gar\u0161vielas [dilles, s\u012bpoli, SINEPJU s\u0113klas, piparu graudi\u0146i], konservants: E211; dab\u012bgs aromatiz\u0113t\u0101js), MAJON\u0112ZE (rap\u0161u e\u013c\u013ca, OLU pulveris, V\u0100JPIENA pulveris,  modific\u0113ta ciete, sk\u0101buma regul\u0113t\u0101ji (eti\u0137sk\u0101be, piensk\u0101be), biezin\u0101t\u0101ji (gu\u0101ra sve\u0137i, ksant\u0101na sve\u0137i), konservanti (k\u0101lija sorb\u0101ts, n\u0101trija benzo\u0101ts), aromatiz\u0113t\u0101js), OLAS, SEZAMA s\u0113klas. 100 g produkta satur:  ener\u0123\u0113tisk\u0101 v\u0113rt\u012bba 1623KJ\/387kcal,  tauki 25g, tostarp pies\u0101tin\u0101t\u0101s tauksk\u0101bes 8,5g, og\u013chidr\u0101ti 28,4g , tostarp cukurs 5,2g, \u0161\u0137iedrvielas 1,6g, olbaltumvielas 9,8g, s\u0101ls 1,3g.Uzglab\u0101t istabas temperat\u016br\u0101. Ra\u017eot\u0101js: SIA Di\u0101na Bistro, Andreja iela 5, Ventspils.<\/p>\n","protected":false},"excerpt":{"rendered":"<p>9.31 \u20ac\/kg<\/p>\n","protected":false},"featured_media":1200638,"template":"","meta":{"_acf_changed":false,"inline_featured_image":false},"product_cat":[109,110],"product_tag":[],"acf":[],"aioseo_notices":[],"_links":{"self":[{"href":"https:\/\/ventspils.citro.lv\/ru\/wp-json\/wp\/v2\/product\/417445"}],"collection":[{"href":"https:\/\/ventspils.citro.lv\/ru\/wp-json\/wp\/v2\/product"}],"about":[{"href":"https:\/\/ventspils.citro.lv\/ru\/wp-json\/wp\/v2\/types\/product"}],"wp:featuredmedia":[{"embeddable":true,"href":"https:\/\/ventspils.citro.lv\/ru\/wp-json\/wp\/v2\/media\/1200638"}],"wp:attachment":[{"href":"https:\/\/ventspils.citro.lv\/ru\/wp-json\/wp\/v2\/media?parent=417445"}],"wp:term":[{"taxonomy":"product_cat","embeddable":true,"href":"https:\/\/ventspils.citro.lv\/ru\/wp-json\/wp\/v2\/product_cat?post=417445"},{"taxonomy":"product_tag","embeddable":true,"href":"https:\/\/ventspils.citro.lv\/ru\/wp-json\/wp\/v2\/product_tag?post=417445"}],"curies":[{"name":"wp","href":"https:\/\/api.w.org\/{rel}","templated":true}]}}