{"id":41567,"date":"2026-04-24T08:06:02","date_gmt":"2026-04-24T05:06:02","guid":{"rendered":"https:\/\/ventspils.citro.lv\/veikals\/mafini-ar-abolu-strudeles-garsu-50g\/"},"modified":"2026-05-05T12:38:09","modified_gmt":"2026-05-05T09:38:09","slug":"mafini-ar-abolu-strudeles-garsu-50g","status":"publish","type":"product","link":"https:\/\/ventspils.citro.lv\/ru\/veikals\/mafini-ar-abolu-strudeles-garsu-50g\/","title":{"rendered":"Mafini ar \u0101bolu str\u016bdeles gar\u0161u 50g"},"content":{"rendered":"","protected":false},"excerpt":{"rendered":"<p>9.80 \u20ac\/kg<\/p>\n","protected":false},"featured_media":1252473,"template":"","meta":{"_acf_changed":false,"inline_featured_image":false},"product_cat":[125,139],"product_tag":[],"acf":[],"aioseo_notices":[],"_links":{"self":[{"href":"https:\/\/ventspils.citro.lv\/ru\/wp-json\/wp\/v2\/product\/41567"}],"collection":[{"href":"https:\/\/ventspils.citro.lv\/ru\/wp-json\/wp\/v2\/product"}],"about":[{"href":"https:\/\/ventspils.citro.lv\/ru\/wp-json\/wp\/v2\/types\/product"}],"wp:featuredmedia":[{"embeddable":true,"href":"https:\/\/ventspils.citro.lv\/ru\/wp-json\/wp\/v2\/media\/1252473"}],"wp:attachment":[{"href":"https:\/\/ventspils.citro.lv\/ru\/wp-json\/wp\/v2\/media?parent=41567"}],"wp:term":[{"taxonomy":"product_cat","embeddable":true,"href":"https:\/\/ventspils.citro.lv\/ru\/wp-json\/wp\/v2\/product_cat?post=41567"},{"taxonomy":"product_tag","embeddable":true,"href":"https:\/\/ventspils.citro.lv\/ru\/wp-json\/wp\/v2\/product_tag?post=41567"}],"curies":[{"name":"wp","href":"https:\/\/api.w.org\/{rel}","templated":true}]}}