{"id":41520,"date":"2026-04-30T02:15:38","date_gmt":"2026-04-29T23:15:38","guid":{"rendered":"https:\/\/ventspils.citro.lv\/veikals\/sok-piena-puderetas-trifeles-ar-dzervenu-pild-120g\/"},"modified":"2026-04-30T02:15:43","modified_gmt":"2026-04-29T23:15:43","slug":"sok-piena-puderetas-trifeles-ar-dzervenu-pild-120g","status":"publish","type":"product","link":"https:\/\/ventspils.citro.lv\/ru\/veikals\/sok-piena-puderetas-trifeles-ar-dzervenu-pild-120g\/","title":{"rendered":"\u0160ok. piena p\u016bder\u0113tas trifeles ar dz\u0113rve\u0146u pild. 120g"},"content":{"rendered":"","protected":false},"excerpt":{"rendered":"<p>36.58 \u20ac\/kg<\/p>\n","protected":false},"featured_media":1255047,"template":"","meta":{"_acf_changed":false,"inline_featured_image":false},"product_cat":[125,200],"product_tag":[],"acf":[],"aioseo_notices":[],"_links":{"self":[{"href":"https:\/\/ventspils.citro.lv\/ru\/wp-json\/wp\/v2\/product\/41520"}],"collection":[{"href":"https:\/\/ventspils.citro.lv\/ru\/wp-json\/wp\/v2\/product"}],"about":[{"href":"https:\/\/ventspils.citro.lv\/ru\/wp-json\/wp\/v2\/types\/product"}],"wp:featuredmedia":[{"embeddable":true,"href":"https:\/\/ventspils.citro.lv\/ru\/wp-json\/wp\/v2\/media\/1255047"}],"wp:attachment":[{"href":"https:\/\/ventspils.citro.lv\/ru\/wp-json\/wp\/v2\/media?parent=41520"}],"wp:term":[{"taxonomy":"product_cat","embeddable":true,"href":"https:\/\/ventspils.citro.lv\/ru\/wp-json\/wp\/v2\/product_cat?post=41520"},{"taxonomy":"product_tag","embeddable":true,"href":"https:\/\/ventspils.citro.lv\/ru\/wp-json\/wp\/v2\/product_tag?post=41520"}],"curies":[{"name":"wp","href":"https:\/\/api.w.org\/{rel}","templated":true}]}}