{"id":41508,"date":"2026-03-31T03:00:17","date_gmt":"2026-03-31T00:00:17","guid":{"rendered":"https:\/\/ventspils.citro.lv\/veikals\/saulespuku-seklas-stripainas-ar-krej-un-sip-garsu-y-e-s-150\/"},"modified":"2026-03-31T03:00:28","modified_gmt":"2026-03-31T00:00:28","slug":"saulespuku-seklas-stripainas-ar-krej-un-sip-garsu-y-e-s-150g","status":"publish","type":"product","link":"https:\/\/ventspils.citro.lv\/ru\/veikals\/saulespuku-seklas-stripainas-ar-krej-un-sip-garsu-y-e-s-150g\/","title":{"rendered":"Saulespu\u0137u s\u0113klas str\u012bpainas ar kr\u0113j.un s\u012bp.gar\u0161u Y.E.S.150g"},"content":{"rendered":"","protected":false},"excerpt":{"rendered":"<p>8.60 \u20ac\/kg<\/p>\n","protected":false},"featured_media":1238012,"template":"","meta":{"_acf_changed":false,"inline_featured_image":false},"product_cat":[125,197],"product_tag":[],"acf":[],"aioseo_notices":[],"_links":{"self":[{"href":"https:\/\/ventspils.citro.lv\/ru\/wp-json\/wp\/v2\/product\/41508"}],"collection":[{"href":"https:\/\/ventspils.citro.lv\/ru\/wp-json\/wp\/v2\/product"}],"about":[{"href":"https:\/\/ventspils.citro.lv\/ru\/wp-json\/wp\/v2\/types\/product"}],"wp:featuredmedia":[{"embeddable":true,"href":"https:\/\/ventspils.citro.lv\/ru\/wp-json\/wp\/v2\/media\/1238012"}],"wp:attachment":[{"href":"https:\/\/ventspils.citro.lv\/ru\/wp-json\/wp\/v2\/media?parent=41508"}],"wp:term":[{"taxonomy":"product_cat","embeddable":true,"href":"https:\/\/ventspils.citro.lv\/ru\/wp-json\/wp\/v2\/product_cat?post=41508"},{"taxonomy":"product_tag","embeddable":true,"href":"https:\/\/ventspils.citro.lv\/ru\/wp-json\/wp\/v2\/product_tag?post=41508"}],"curies":[{"name":"wp","href":"https:\/\/api.w.org\/{rel}","templated":true}]}}