{"id":41428,"date":"2026-04-24T05:24:46","date_gmt":"2026-04-24T02:24:46","guid":{"rendered":"https:\/\/ventspils.citro.lv\/veikals\/karbonade-k-k-skeles-zemnieku-105g-2\/"},"modified":"2026-04-24T05:24:56","modified_gmt":"2026-04-24T02:24:56","slug":"karbonade-k-k-skeles-zemnieku-105g","status":"publish","type":"product","link":"https:\/\/ventspils.citro.lv\/ru\/veikals\/karbonade-k-k-skeles-zemnieku-105g\/","title":{"rendered":"Karbon\u0101de k\/k \u0161\u0137\u0113l\u0113s Zemnieku 105g"},"content":{"rendered":"","protected":false},"excerpt":{"rendered":"<p>14.19 \u20ac\/kg<\/p>\n","protected":false},"featured_media":1251748,"template":"","meta":{"_acf_changed":false,"inline_featured_image":false},"product_cat":[135,174],"product_tag":[],"acf":[],"aioseo_notices":[],"_links":{"self":[{"href":"https:\/\/ventspils.citro.lv\/ru\/wp-json\/wp\/v2\/product\/41428"}],"collection":[{"href":"https:\/\/ventspils.citro.lv\/ru\/wp-json\/wp\/v2\/product"}],"about":[{"href":"https:\/\/ventspils.citro.lv\/ru\/wp-json\/wp\/v2\/types\/product"}],"wp:featuredmedia":[{"embeddable":true,"href":"https:\/\/ventspils.citro.lv\/ru\/wp-json\/wp\/v2\/media\/1251748"}],"wp:attachment":[{"href":"https:\/\/ventspils.citro.lv\/ru\/wp-json\/wp\/v2\/media?parent=41428"}],"wp:term":[{"taxonomy":"product_cat","embeddable":true,"href":"https:\/\/ventspils.citro.lv\/ru\/wp-json\/wp\/v2\/product_cat?post=41428"},{"taxonomy":"product_tag","embeddable":true,"href":"https:\/\/ventspils.citro.lv\/ru\/wp-json\/wp\/v2\/product_tag?post=41428"}],"curies":[{"name":"wp","href":"https:\/\/api.w.org\/{rel}","templated":true}]}}