{"id":413095,"date":"2026-04-24T09:24:59","date_gmt":"2026-04-24T06:24:59","guid":{"rendered":"https:\/\/ventspils.citro.lv\/veikals\/maizite-ar-kokosa-pildijumu-un-sok-glazuru-citro\/"},"modified":"2026-04-24T09:25:11","modified_gmt":"2026-04-24T06:25:11","slug":"maizite-ar-kokosa-pildijumu-un-glazuru-citro","status":"publish","type":"product","link":"https:\/\/ventspils.citro.lv\/ru\/veikals\/maizite-ar-kokosa-pildijumu-un-glazuru-citro\/","title":{"rendered":"Maiz\u012bte ar kokosa pild\u012bjumu un glaz\u016bru Citro"},"content":{"rendered":"<p>Sast\u0101vda\u013cas: m\u012bkla (KVIE\u0160U milti, \u016bdens, margar\u012bns (dz\u012bvnieku tauki (c\u016bku), augu e\u013c\u013ca (rap\u0161u), \u016bdens, s\u0101ls, emulgatori (rap\u0161u lecit\u012bns, tauksk\u0101bju mono- un diglicer\u012bdi RSPO SG), sk\u0101buma regul\u0113t\u0101js (citronsk\u0101be), aromatiz\u0113t\u0101js dab\u012bgs, kr\u0101sviela beta-karot\u012bns)), cukura glaz\u016bra (cukurs, glikozes s\u012brups), \u016bdens, kaltkr\u0113ms (cukurs, modific\u0113ta ciete (E1414),  V\u0100JPIENA pulveris,  palmu e\u013c\u013ca RSPO MB,  S\u016aKALU pulveris,  biezin\u0101t\u0101js (E401),  s\u0101ls,  kr\u0101svielas (E160a, E101),  aromatiz\u0113t\u0101js,  PIENA olbaltumvielas), kokosa skaidi\u0146as, OLA.  100 g produkta satur : ener\u0123\u0113tisk\u0101 v\u0113rt\u012bba: 1907 KJ\/453 kcal,  tauki 16,1 g, tostarp pies\u0101tin\u0101t\u0101s tauksk\u0101bes 9,3 g, og\u013chidr\u0101ti 68,9 g, tostarp cukurs 36,6 g, \u0161\u0137iedrvielas 1,9 g, olbaltumvielas 7,2 g, s\u0101ls 0,6 g. Uzglab.temp.: istabas temperat\u016br\u0101. Ra\u017eot\u0101js: SIA Di\u0101na Bistro, Andreja iela 5, Ventspils, Latvija.<\/p>\n","protected":false},"excerpt":{"rendered":"<p>7.22 \u20ac\/kg<\/p>\n","protected":false},"featured_media":1252826,"template":"","meta":{"_acf_changed":false,"inline_featured_image":false},"product_cat":[109,110],"product_tag":[],"acf":[],"aioseo_notices":[],"_links":{"self":[{"href":"https:\/\/ventspils.citro.lv\/ru\/wp-json\/wp\/v2\/product\/413095"}],"collection":[{"href":"https:\/\/ventspils.citro.lv\/ru\/wp-json\/wp\/v2\/product"}],"about":[{"href":"https:\/\/ventspils.citro.lv\/ru\/wp-json\/wp\/v2\/types\/product"}],"wp:featuredmedia":[{"embeddable":true,"href":"https:\/\/ventspils.citro.lv\/ru\/wp-json\/wp\/v2\/media\/1252826"}],"wp:attachment":[{"href":"https:\/\/ventspils.citro.lv\/ru\/wp-json\/wp\/v2\/media?parent=413095"}],"wp:term":[{"taxonomy":"product_cat","embeddable":true,"href":"https:\/\/ventspils.citro.lv\/ru\/wp-json\/wp\/v2\/product_cat?post=413095"},{"taxonomy":"product_tag","embeddable":true,"href":"https:\/\/ventspils.citro.lv\/ru\/wp-json\/wp\/v2\/product_tag?post=413095"}],"curies":[{"name":"wp","href":"https:\/\/api.w.org\/{rel}","templated":true}]}}