{"id":412370,"date":"2026-04-30T02:42:14","date_gmt":"2026-04-29T23:42:14","guid":{"rendered":"https:\/\/ventspils.citro.lv\/veikals\/turku-zirni-variti-250g\/"},"modified":"2026-05-03T17:55:37","modified_gmt":"2026-05-03T14:55:37","slug":"turku-zirni-variti-250g","status":"publish","type":"product","link":"https:\/\/ventspils.citro.lv\/ru\/veikals\/turku-zirni-variti-250g\/","title":{"rendered":"Turku zir\u0146i v\u0101r\u012bti 250g"},"content":{"rendered":"","protected":false},"excerpt":{"rendered":"<p>5.16 \u20ac\/kg<\/p>\n","protected":false},"featured_media":1255151,"template":"","meta":{"_acf_changed":false,"inline_featured_image":false},"product_cat":[97,159],"product_tag":[],"acf":[],"aioseo_notices":[],"_links":{"self":[{"href":"https:\/\/ventspils.citro.lv\/ru\/wp-json\/wp\/v2\/product\/412370"}],"collection":[{"href":"https:\/\/ventspils.citro.lv\/ru\/wp-json\/wp\/v2\/product"}],"about":[{"href":"https:\/\/ventspils.citro.lv\/ru\/wp-json\/wp\/v2\/types\/product"}],"wp:featuredmedia":[{"embeddable":true,"href":"https:\/\/ventspils.citro.lv\/ru\/wp-json\/wp\/v2\/media\/1255151"}],"wp:attachment":[{"href":"https:\/\/ventspils.citro.lv\/ru\/wp-json\/wp\/v2\/media?parent=412370"}],"wp:term":[{"taxonomy":"product_cat","embeddable":true,"href":"https:\/\/ventspils.citro.lv\/ru\/wp-json\/wp\/v2\/product_cat?post=412370"},{"taxonomy":"product_tag","embeddable":true,"href":"https:\/\/ventspils.citro.lv\/ru\/wp-json\/wp\/v2\/product_tag?post=412370"}],"curies":[{"name":"wp","href":"https:\/\/api.w.org\/{rel}","templated":true}]}}