{"id":412364,"date":"2026-04-10T08:09:46","date_gmt":"2026-04-10T05:09:46","guid":{"rendered":"https:\/\/ventspils.citro.lv\/veikals\/bariba-suniem-canis-major-ar-lielopu-galu-1-25kg\/"},"modified":"2026-05-07T10:09:00","modified_gmt":"2026-05-07T07:09:00","slug":"bariba-suniem-canis-major-ar-lielopu-galu-1-25kg","status":"publish","type":"product","link":"https:\/\/ventspils.citro.lv\/ru\/veikals\/bariba-suniem-canis-major-ar-lielopu-galu-1-25kg\/","title":{"rendered":"Bar\u012bba su\u0146iem Canis Major ar lielopu ga\u013cu 1.25kg"},"content":{"rendered":"","protected":false},"excerpt":{"rendered":"<p>4.78 \u20ac\/kg<\/p>\n","protected":false},"featured_media":1243834,"template":"","meta":{"_acf_changed":false,"inline_featured_image":false},"product_cat":[617,153],"product_tag":[],"acf":[],"aioseo_notices":[],"_links":{"self":[{"href":"https:\/\/ventspils.citro.lv\/ru\/wp-json\/wp\/v2\/product\/412364"}],"collection":[{"href":"https:\/\/ventspils.citro.lv\/ru\/wp-json\/wp\/v2\/product"}],"about":[{"href":"https:\/\/ventspils.citro.lv\/ru\/wp-json\/wp\/v2\/types\/product"}],"wp:featuredmedia":[{"embeddable":true,"href":"https:\/\/ventspils.citro.lv\/ru\/wp-json\/wp\/v2\/media\/1243834"}],"wp:attachment":[{"href":"https:\/\/ventspils.citro.lv\/ru\/wp-json\/wp\/v2\/media?parent=412364"}],"wp:term":[{"taxonomy":"product_cat","embeddable":true,"href":"https:\/\/ventspils.citro.lv\/ru\/wp-json\/wp\/v2\/product_cat?post=412364"},{"taxonomy":"product_tag","embeddable":true,"href":"https:\/\/ventspils.citro.lv\/ru\/wp-json\/wp\/v2\/product_tag?post=412364"}],"curies":[{"name":"wp","href":"https:\/\/api.w.org\/{rel}","templated":true}]}}